{"id":1034,"date":"2023-07-11T08:02:20","date_gmt":"2023-07-11T06:02:20","guid":{"rendered":"https:\/\/www.liora-design.ch\/impressum\/"},"modified":"2023-08-23T10:29:46","modified_gmt":"2023-08-23T08:29:46","slug":"mentions-legales","status":"publish","type":"page","link":"https:\/\/www.liora-design.ch\/fr\/mentions-legales\/","title":{"rendered":"Mentions l\u00e9gales"},"content":{"rendered":"\t\t<div data-elementor-type=\"wp-page\" data-elementor-id=\"1034\" class=\"elementor elementor-1034 elementor-12\">\n\t\t\t\t\t\t<section class=\"elementor-section elementor-top-section elementor-element elementor-element-70e397f elementor-section-boxed elementor-section-height-default elementor-section-height-default\" data-id=\"70e397f\" data-element_type=\"section\" data-e-type=\"section\">\n\t\t\t\t\t\t<div class=\"elementor-container elementor-column-gap-default\">\n\t\t\t\t\t<div class=\"elementor-column elementor-col-100 elementor-top-column elementor-element elementor-element-a0d42dd\" data-id=\"a0d42dd\" data-element_type=\"column\" data-e-type=\"column\">\n\t\t\t<div class=\"elementor-widget-wrap elementor-element-populated\">\n\t\t\t\t\t\t<div class=\"elementor-element elementor-element-6879d08 elementor-widget elementor-widget-text-editor\" data-id=\"6879d08\" data-element_type=\"widget\" data-e-type=\"widget\" data-widget_type=\"text-editor.default\">\n\t\t\t\t<div class=\"elementor-widget-container\">\n\t\t\t\t\t\t\t\t\t<h3>Verantwortlich f\u00fcr den Inhalt<\/h3><p><img decoding=\"async\" class=\"alignnone wp-image-63\" src=\"https:\/\/www.liora-design.ch\/wp-content\/uploads\/liora-design.png\" alt=\"Liora Design\" width=\"150\" height=\"91\" srcset=\"https:\/\/www.liora-design.ch\/wp-content\/uploads\/liora-design.png 275w, https:\/\/www.liora-design.ch\/wp-content\/uploads\/liora-design-96x58.png 96w, https:\/\/www.liora-design.ch\/wp-content\/uploads\/liora-design-36x22.png 36w, https:\/\/www.liora-design.ch\/wp-content\/uploads\/liora-design-48x29.png 48w\" sizes=\"(max-width: 150px) 100vw, 150px\" \/><\/p><p><strong>liora design gmbh<\/strong><\/p><p>Neuheimstrasse 40d<br \/>CH-8853 Lachen<\/p><p>E-Mail: <a href=\"mailto:info@liora-design.ch\">info@liora-design.ch<\/a><br \/>Telefon: <a href=\"tel:+41555112180\">+41 55 511 21 80<\/a><\/p>\t\t\t\t\t\t\t\t<\/div>\n\t\t\t\t<\/div>\n\t\t\t\t\t<\/div>\n\t\t<\/div>\n\t\t\t\t\t<\/div>\n\t\t<\/section>\n\t\t\t\t<section class=\"elementor-section elementor-top-section elementor-element elementor-element-4fe3e4b elementor-section-boxed elementor-section-height-default elementor-section-height-default\" data-id=\"4fe3e4b\" data-element_type=\"section\" data-e-type=\"section\">\n\t\t\t\t\t\t<div class=\"elementor-container elementor-column-gap-default\">\n\t\t\t\t\t<div class=\"elementor-column elementor-col-100 elementor-top-column elementor-element elementor-element-b1a0d94\" data-id=\"b1a0d94\" data-element_type=\"column\" data-e-type=\"column\">\n\t\t\t<div class=\"elementor-widget-wrap elementor-element-populated\">\n\t\t\t\t\t\t<div class=\"elementor-element elementor-element-2b799f0 elementor-widget elementor-widget-text-editor\" data-id=\"2b799f0\" data-element_type=\"widget\" data-e-type=\"widget\" data-widget_type=\"text-editor.default\">\n\t\t\t\t<div class=\"elementor-widget-container\">\n\t\t\t\t\t\t\t\t\t<p><img decoding=\"async\" class=\"alignnone wp-image-67\" src=\"https:\/\/www.liora-design.ch\/wp-content\/uploads\/GLA-Logo-500x78-1.png\" alt=\"\" width=\"150\" height=\"23\" srcset=\"https:\/\/www.liora-design.ch\/wp-content\/uploads\/GLA-Logo-500x78-1.png 500w, https:\/\/www.liora-design.ch\/wp-content\/uploads\/GLA-Logo-500x78-1-300x47.png 300w, https:\/\/www.liora-design.ch\/wp-content\/uploads\/GLA-Logo-500x78-1-96x15.png 96w, https:\/\/www.liora-design.ch\/wp-content\/uploads\/GLA-Logo-500x78-1-36x6.png 36w, https:\/\/www.liora-design.ch\/wp-content\/uploads\/GLA-Logo-500x78-1-48x7.png 48w\" sizes=\"(max-width: 150px) 100vw, 150px\" \/><\/p><p><strong>Realisierung<\/strong><\/p><p>GLA United GmbH<\/p><p>Schochenm\u00fchlestrasse 6<br \/>6340 Baar<\/p><p>E-Mail: <a href=\"mailto:ch@gla-united.com\">ch@gla-united.com<\/a><br \/>Telefon: <a href=\"tel:+41417631294\"> +41 41 763 12 94<\/a><\/p>\t\t\t\t\t\t\t\t<\/div>\n\t\t\t\t<\/div>\n\t\t\t\t\t<\/div>\n\t\t<\/div>\n\t\t\t\t\t<\/div>\n\t\t<\/section>\n\t\t\t\t<section class=\"elementor-section elementor-top-section elementor-element elementor-element-957791c elementor-section-boxed elementor-section-height-default elementor-section-height-default\" data-id=\"957791c\" data-element_type=\"section\" data-e-type=\"section\">\n\t\t\t\t\t\t<div class=\"elementor-container elementor-column-gap-default\">\n\t\t\t\t\t<div class=\"elementor-column elementor-col-100 elementor-top-column elementor-element elementor-element-2473a8a\" data-id=\"2473a8a\" data-element_type=\"column\" data-e-type=\"column\">\n\t\t\t<div class=\"elementor-widget-wrap elementor-element-populated\">\n\t\t\t\t\t\t<div class=\"elementor-element elementor-element-7b0250d elementor-widget elementor-widget-text-editor\" data-id=\"7b0250d\" data-element_type=\"widget\" data-e-type=\"widget\" data-widget_type=\"text-editor.default\">\n\t\t\t\t<div class=\"elementor-widget-container\">\n\t\t\t\t\t\t\t\t\t<p><strong>Gew\u00e4hrleistung <\/strong><\/p><p>Wir bem\u00fchen uns um m\u00f6glichst korrekte und aktuelle Information. Die Inhalte wurden sorgf\u00e4ltig erarbeitet. Trotzdem k\u00f6nnen Fehler auftreten. Autoren und Herausgeber \u00fcbernehmen keine Gew\u00e4hr und Haftung f\u00fcr die Richtigkeit, Zuverl\u00e4ssigkeit, Vollst\u00e4ndigkeit und Aktualit\u00e4t der Information. Die Verwendung der Website und der darin enthaltenen Informationen erfolgt auf eigene Gefahr. \u00c4nderungen k\u00f6nnen jederzeit vorgenommen werden.<\/p><p><strong>Cookies <\/strong><\/p><p>Diese Website verwendet Cookies. Cookies sind kleine Textdateien, die beim Besuch dieser Website in Ihrem Computer dauerhaft oder tempor\u00e4r gespeichert werden. Zweck der Cookies ist insbesondere die Analyse der Nutzung dieser Website zur statistischen Auswertung sowie f\u00fcr kontinuierliche Verbesserungen. In Ihrem Browser k\u00f6nnen Sie Cookies in den Einstellungen jederzeit ganz oder teilweise deaktivieren. Bei deaktivierten Cookies stehen Ihnen allenfalls nicht mehr alle Funktionen dieser Website zur Verf\u00fcgung.<\/p><p><strong>Fotos<\/strong><\/p><p><a href=\"https:\/\/professional.flos.com\/de\/global\/\" target=\"_blank\" rel=\"noopener\">Professional Space | Official Website | Flos<\/a><\/p><p>\u00a0<\/p><p>\u00a0<\/p>\t\t\t\t\t\t\t\t<\/div>\n\t\t\t\t<\/div>\n\t\t\t\t\t<\/div>\n\t\t<\/div>\n\t\t\t\t\t<\/div>\n\t\t<\/section>\n\t\t\t\t<\/div>\n\t\t","protected":false},"excerpt":{"rendered":"<p>Verantwortlich f\u00fcr den Inhalt liora design gmbh Neuheimstrasse 40dCH-8853 Lachen E-Mail: info@liora-design.chTelefon: +41 55 511 21 80 Realisierung GLA United GmbH Schochenm\u00fchlestrasse 66340 Baar E-Mail: ch@gla-united.comTelefon: +41 41 763 12 94 Gew\u00e4hrleistung Wir bem\u00fchen uns um m\u00f6glichst korrekte und aktuelle Information. Die Inhalte wurden sorgf\u00e4ltig erarbeitet. Trotzdem k\u00f6nnen Fehler auftreten. Autoren und Herausgeber \u00fcbernehmen keine [&hellip;]<\/p>\n","protected":false},"author":1,"featured_media":0,"parent":0,"menu_order":200,"comment_status":"closed","ping_status":"closed","template":"","meta":{"_acf_changed":false,"inline_featured_image":false,"footnotes":""},"class_list":["post-1034","page","type-page","status-publish","hentry"],"acf":[],"yoast_head":"<title>Mentions l\u00e9gales - liora design<\/title>\n<meta name=\"robots\" content=\"index, follow, max-snippet:-1, max-image-preview:large, max-video-preview:-1\" \/>\n<meta property=\"og:locale\" content=\"fr_FR\" \/>\n<meta property=\"og:type\" content=\"article\" \/>\n<meta property=\"og:title\" content=\"Mentions l\u00e9gales - liora design\" \/>\n<meta property=\"og:description\" content=\"Verantwortlich f\u00fcr den Inhalt liora design gmbh Neuheimstrasse 40dCH-8853 Lachen E-Mail: info@liora-design.chTelefon: +41 55 511 21 80 Realisierung GLA United GmbH Schochenm\u00fchlestrasse 66340 Baar E-Mail: ch@gla-united.comTelefon: +41 41 763 12 94 Gew\u00e4hrleistung Wir bem\u00fchen uns um m\u00f6glichst korrekte und aktuelle Information. Die Inhalte wurden sorgf\u00e4ltig erarbeitet. Trotzdem k\u00f6nnen Fehler auftreten. Autoren und Herausgeber \u00fcbernehmen keine [&hellip;]\" \/>\n<meta property=\"og:url\" content=\"https:\/\/www.liora-design.ch\/fr\/mentions-legales\/\" \/>\n<meta property=\"og:site_name\" content=\"liora design\" \/>\n<meta property=\"article:modified_time\" content=\"2023-08-23T08:29:46+00:00\" \/>\n<meta property=\"og:image\" content=\"https:\/\/www.liora-design.ch\/wp-content\/uploads\/liora-design.png\" \/>\n<meta name=\"twitter:card\" content=\"summary_large_image\" \/>\n<meta name=\"twitter:label1\" content=\"Dur\u00e9e de lecture estim\u00e9e\" \/>\n\t<meta name=\"twitter:data1\" content=\"2 minutes\" \/>\n<script type=\"application\/ld+json\" class=\"yoast-schema-graph\">{\"@context\":\"https:\/\/schema.org\",\"@graph\":[{\"@type\":\"WebPage\",\"@id\":\"https:\/\/www.liora-design.ch\/fr\/mentions-legales\/\",\"url\":\"https:\/\/www.liora-design.ch\/fr\/mentions-legales\/\",\"name\":\"Mentions l\u00e9gales - liora design\",\"isPartOf\":{\"@id\":\"https:\/\/www.liora-design.ch\/fr\/#website\"},\"primaryImageOfPage\":{\"@id\":\"https:\/\/www.liora-design.ch\/fr\/mentions-legales\/#primaryimage\"},\"image\":{\"@id\":\"https:\/\/www.liora-design.ch\/fr\/mentions-legales\/#primaryimage\"},\"thumbnailUrl\":\"https:\/\/www.liora-design.ch\/wp-content\/uploads\/liora-design.png\",\"datePublished\":\"2023-07-11T06:02:20+00:00\",\"dateModified\":\"2023-08-23T08:29:46+00:00\",\"breadcrumb\":{\"@id\":\"https:\/\/www.liora-design.ch\/fr\/mentions-legales\/#breadcrumb\"},\"inLanguage\":\"fr-FR\",\"potentialAction\":[{\"@type\":\"ReadAction\",\"target\":[\"https:\/\/www.liora-design.ch\/fr\/mentions-legales\/\"]}]},{\"@type\":\"ImageObject\",\"inLanguage\":\"fr-FR\",\"@id\":\"https:\/\/www.liora-design.ch\/fr\/mentions-legales\/#primaryimage\",\"url\":\"https:\/\/www.liora-design.ch\/wp-content\/uploads\/liora-design.png\",\"contentUrl\":\"https:\/\/www.liora-design.ch\/wp-content\/uploads\/liora-design.png\"},{\"@type\":\"BreadcrumbList\",\"@id\":\"https:\/\/www.liora-design.ch\/fr\/mentions-legales\/#breadcrumb\",\"itemListElement\":[{\"@type\":\"ListItem\",\"position\":1,\"name\":\"Startseite\",\"item\":\"https:\/\/www.liora-design.ch\/fr\/\"},{\"@type\":\"ListItem\",\"position\":2,\"name\":\"Mentions l\u00e9gales\"}]},{\"@type\":\"WebSite\",\"@id\":\"https:\/\/www.liora-design.ch\/fr\/#website\",\"url\":\"https:\/\/www.liora-design.ch\/fr\/\",\"name\":\"liora design\",\"description\":\"\",\"potentialAction\":[{\"@type\":\"SearchAction\",\"target\":{\"@type\":\"EntryPoint\",\"urlTemplate\":\"https:\/\/www.liora-design.ch\/fr\/?s={search_term_string}\"},\"query-input\":{\"@type\":\"PropertyValueSpecification\",\"valueRequired\":true,\"valueName\":\"search_term_string\"}}],\"inLanguage\":\"fr-FR\"}]}<\/script>","yoast_head_json":{"title":"Mentions l\u00e9gales - liora design","robots":{"index":"index","follow":"follow","max-snippet":"max-snippet:-1","max-image-preview":"max-image-preview:large","max-video-preview":"max-video-preview:-1"},"og_locale":"fr_FR","og_type":"article","og_title":"Mentions l\u00e9gales - liora design","og_description":"Verantwortlich f\u00fcr den Inhalt liora design gmbh Neuheimstrasse 40dCH-8853 Lachen E-Mail: info@liora-design.chTelefon: +41 55 511 21 80 Realisierung GLA United GmbH Schochenm\u00fchlestrasse 66340 Baar E-Mail: ch@gla-united.comTelefon: +41 41 763 12 94 Gew\u00e4hrleistung Wir bem\u00fchen uns um m\u00f6glichst korrekte und aktuelle Information. Die Inhalte wurden sorgf\u00e4ltig erarbeitet. Trotzdem k\u00f6nnen Fehler auftreten. Autoren und Herausgeber \u00fcbernehmen keine [&hellip;]","og_url":"https:\/\/www.liora-design.ch\/fr\/mentions-legales\/","og_site_name":"liora design","article_modified_time":"2023-08-23T08:29:46+00:00","og_image":[{"url":"https:\/\/www.liora-design.ch\/wp-content\/uploads\/liora-design.png","type":"","width":"","height":""}],"twitter_card":"summary_large_image","twitter_misc":{"Dur\u00e9e de lecture estim\u00e9e":"2 minutes"},"schema":{"@context":"https:\/\/schema.org","@graph":[{"@type":"WebPage","@id":"https:\/\/www.liora-design.ch\/fr\/mentions-legales\/","url":"https:\/\/www.liora-design.ch\/fr\/mentions-legales\/","name":"Mentions l\u00e9gales - liora design","isPartOf":{"@id":"https:\/\/www.liora-design.ch\/fr\/#website"},"primaryImageOfPage":{"@id":"https:\/\/www.liora-design.ch\/fr\/mentions-legales\/#primaryimage"},"image":{"@id":"https:\/\/www.liora-design.ch\/fr\/mentions-legales\/#primaryimage"},"thumbnailUrl":"https:\/\/www.liora-design.ch\/wp-content\/uploads\/liora-design.png","datePublished":"2023-07-11T06:02:20+00:00","dateModified":"2023-08-23T08:29:46+00:00","breadcrumb":{"@id":"https:\/\/www.liora-design.ch\/fr\/mentions-legales\/#breadcrumb"},"inLanguage":"fr-FR","potentialAction":[{"@type":"ReadAction","target":["https:\/\/www.liora-design.ch\/fr\/mentions-legales\/"]}]},{"@type":"ImageObject","inLanguage":"fr-FR","@id":"https:\/\/www.liora-design.ch\/fr\/mentions-legales\/#primaryimage","url":"https:\/\/www.liora-design.ch\/wp-content\/uploads\/liora-design.png","contentUrl":"https:\/\/www.liora-design.ch\/wp-content\/uploads\/liora-design.png"},{"@type":"BreadcrumbList","@id":"https:\/\/www.liora-design.ch\/fr\/mentions-legales\/#breadcrumb","itemListElement":[{"@type":"ListItem","position":1,"name":"Startseite","item":"https:\/\/www.liora-design.ch\/fr\/"},{"@type":"ListItem","position":2,"name":"Mentions l\u00e9gales"}]},{"@type":"WebSite","@id":"https:\/\/www.liora-design.ch\/fr\/#website","url":"https:\/\/www.liora-design.ch\/fr\/","name":"liora design","description":"","potentialAction":[{"@type":"SearchAction","target":{"@type":"EntryPoint","urlTemplate":"https:\/\/www.liora-design.ch\/fr\/?s={search_term_string}"},"query-input":{"@type":"PropertyValueSpecification","valueRequired":true,"valueName":"search_term_string"}}],"inLanguage":"fr-FR"}]}},"_links":{"self":[{"href":"https:\/\/www.liora-design.ch\/fr\/wp-json\/wp\/v2\/pages\/1034","targetHints":{"allow":["GET"]}}],"collection":[{"href":"https:\/\/www.liora-design.ch\/fr\/wp-json\/wp\/v2\/pages"}],"about":[{"href":"https:\/\/www.liora-design.ch\/fr\/wp-json\/wp\/v2\/types\/page"}],"author":[{"embeddable":true,"href":"https:\/\/www.liora-design.ch\/fr\/wp-json\/wp\/v2\/users\/1"}],"replies":[{"embeddable":true,"href":"https:\/\/www.liora-design.ch\/fr\/wp-json\/wp\/v2\/comments?post=1034"}],"version-history":[{"count":1,"href":"https:\/\/www.liora-design.ch\/fr\/wp-json\/wp\/v2\/pages\/1034\/revisions"}],"predecessor-version":[{"id":1217,"href":"https:\/\/www.liora-design.ch\/fr\/wp-json\/wp\/v2\/pages\/1034\/revisions\/1217"}],"wp:attachment":[{"href":"https:\/\/www.liora-design.ch\/fr\/wp-json\/wp\/v2\/media?parent=1034"}],"curies":[{"name":"wp","href":"https:\/\/api.w.org\/{rel}","templated":true}]}}