{"id":1032,"date":"2023-07-13T20:18:09","date_gmt":"2023-07-13T18:18:09","guid":{"rendered":"https:\/\/www.liora-design.ch\/newsletter\/"},"modified":"2026-01-07T11:37:36","modified_gmt":"2026-01-07T10:37:36","slug":"lettre-d-information","status":"publish","type":"page","link":"https:\/\/www.liora-design.ch\/fr\/lettre-d-information\/","title":{"rendered":"lettre d&rsquo;information"},"content":{"rendered":"\t\t<div data-elementor-type=\"wp-page\" data-elementor-id=\"1032\" class=\"elementor elementor-1032 elementor-123\">\n\t\t\t\t\t\t<section class=\"elementor-section elementor-top-section elementor-element elementor-element-bfb7b1e elementor-section-boxed elementor-section-height-default elementor-section-height-default\" data-id=\"bfb7b1e\" data-element_type=\"section\" data-e-type=\"section\">\n\t\t\t\t\t\t<div class=\"elementor-container elementor-column-gap-default\">\n\t\t\t\t\t<div class=\"elementor-column elementor-col-100 elementor-top-column elementor-element elementor-element-8f5884c\" data-id=\"8f5884c\" data-element_type=\"column\" data-e-type=\"column\">\n\t\t\t<div class=\"elementor-widget-wrap elementor-element-populated\">\n\t\t\t\t\t\t<div class=\"elementor-element elementor-element-ae2cbfc elementor-widget elementor-widget-text-editor\" data-id=\"ae2cbfc\" data-element_type=\"widget\" data-e-type=\"widget\" data-widget_type=\"text-editor.default\">\n\t\t\t\t<div class=\"elementor-widget-container\">\n\t\t\t\t\t\t\t\t\t<p>Veuillez nous envoyer un e-mail \u00e0 <b>info@liora-design.ch<\/b> . Nous vous ajouterons alors volontiers \u00e0 notre base de donn\u00e9es.<\/p>\t\t\t\t\t\t\t\t<\/div>\n\t\t\t\t<\/div>\n\t\t\t\t\t<\/div>\n\t\t<\/div>\n\t\t\t\t\t<\/div>\n\t\t<\/section>\n\t\t\t\t<\/div>\n\t\t","protected":false},"excerpt":{"rendered":"<p>Veuillez nous envoyer un e-mail \u00e0 info@liora-design.ch . Nous vous ajouterons alors volontiers \u00e0 notre base de donn\u00e9es.<\/p>\n","protected":false},"author":1,"featured_media":0,"parent":0,"menu_order":190,"comment_status":"closed","ping_status":"closed","template":"","meta":{"_acf_changed":false,"inline_featured_image":false,"footnotes":""},"class_list":["post-1032","page","type-page","status-publish","hentry"],"acf":[],"yoast_head":"<title>lettre d&#039;information - liora design<\/title>\n<meta name=\"robots\" content=\"index, follow, max-snippet:-1, max-image-preview:large, max-video-preview:-1\" \/>\n<meta property=\"og:locale\" content=\"fr_FR\" \/>\n<meta property=\"og:type\" content=\"article\" \/>\n<meta property=\"og:title\" content=\"lettre d&#039;information - liora design\" \/>\n<meta property=\"og:description\" content=\"Veuillez nous envoyer un e-mail \u00e0 info@liora-design.ch . Nous vous ajouterons alors volontiers \u00e0 notre base de donn\u00e9es.\" \/>\n<meta property=\"og:url\" content=\"https:\/\/www.liora-design.ch\/fr\/lettre-d-information\/\" \/>\n<meta property=\"og:site_name\" content=\"liora design\" \/>\n<meta property=\"article:modified_time\" content=\"2026-01-07T10:37:36+00:00\" \/>\n<meta name=\"twitter:card\" content=\"summary_large_image\" \/>\n<meta name=\"twitter:label1\" content=\"Dur\u00e9e de lecture estim\u00e9e\" \/>\n\t<meta name=\"twitter:data1\" content=\"1 minute\" \/>\n<script type=\"application\/ld+json\" class=\"yoast-schema-graph\">{\"@context\":\"https:\/\/schema.org\",\"@graph\":[{\"@type\":\"WebPage\",\"@id\":\"https:\/\/www.liora-design.ch\/fr\/lettre-d-information\/\",\"url\":\"https:\/\/www.liora-design.ch\/fr\/lettre-d-information\/\",\"name\":\"lettre d'information - liora design\",\"isPartOf\":{\"@id\":\"https:\/\/www.liora-design.ch\/fr\/#website\"},\"datePublished\":\"2023-07-13T18:18:09+00:00\",\"dateModified\":\"2026-01-07T10:37:36+00:00\",\"breadcrumb\":{\"@id\":\"https:\/\/www.liora-design.ch\/fr\/lettre-d-information\/#breadcrumb\"},\"inLanguage\":\"fr-FR\",\"potentialAction\":[{\"@type\":\"ReadAction\",\"target\":[\"https:\/\/www.liora-design.ch\/fr\/lettre-d-information\/\"]}]},{\"@type\":\"BreadcrumbList\",\"@id\":\"https:\/\/www.liora-design.ch\/fr\/lettre-d-information\/#breadcrumb\",\"itemListElement\":[{\"@type\":\"ListItem\",\"position\":1,\"name\":\"Startseite\",\"item\":\"https:\/\/www.liora-design.ch\/fr\/\"},{\"@type\":\"ListItem\",\"position\":2,\"name\":\"lettre d&#8217;information\"}]},{\"@type\":\"WebSite\",\"@id\":\"https:\/\/www.liora-design.ch\/fr\/#website\",\"url\":\"https:\/\/www.liora-design.ch\/fr\/\",\"name\":\"liora design\",\"description\":\"\",\"potentialAction\":[{\"@type\":\"SearchAction\",\"target\":{\"@type\":\"EntryPoint\",\"urlTemplate\":\"https:\/\/www.liora-design.ch\/fr\/?s={search_term_string}\"},\"query-input\":{\"@type\":\"PropertyValueSpecification\",\"valueRequired\":true,\"valueName\":\"search_term_string\"}}],\"inLanguage\":\"fr-FR\"}]}<\/script>","yoast_head_json":{"title":"lettre d'information - liora design","robots":{"index":"index","follow":"follow","max-snippet":"max-snippet:-1","max-image-preview":"max-image-preview:large","max-video-preview":"max-video-preview:-1"},"og_locale":"fr_FR","og_type":"article","og_title":"lettre d'information - liora design","og_description":"Veuillez nous envoyer un e-mail \u00e0 info@liora-design.ch . Nous vous ajouterons alors volontiers \u00e0 notre base de donn\u00e9es.","og_url":"https:\/\/www.liora-design.ch\/fr\/lettre-d-information\/","og_site_name":"liora design","article_modified_time":"2026-01-07T10:37:36+00:00","twitter_card":"summary_large_image","twitter_misc":{"Dur\u00e9e de lecture estim\u00e9e":"1 minute"},"schema":{"@context":"https:\/\/schema.org","@graph":[{"@type":"WebPage","@id":"https:\/\/www.liora-design.ch\/fr\/lettre-d-information\/","url":"https:\/\/www.liora-design.ch\/fr\/lettre-d-information\/","name":"lettre d'information - liora design","isPartOf":{"@id":"https:\/\/www.liora-design.ch\/fr\/#website"},"datePublished":"2023-07-13T18:18:09+00:00","dateModified":"2026-01-07T10:37:36+00:00","breadcrumb":{"@id":"https:\/\/www.liora-design.ch\/fr\/lettre-d-information\/#breadcrumb"},"inLanguage":"fr-FR","potentialAction":[{"@type":"ReadAction","target":["https:\/\/www.liora-design.ch\/fr\/lettre-d-information\/"]}]},{"@type":"BreadcrumbList","@id":"https:\/\/www.liora-design.ch\/fr\/lettre-d-information\/#breadcrumb","itemListElement":[{"@type":"ListItem","position":1,"name":"Startseite","item":"https:\/\/www.liora-design.ch\/fr\/"},{"@type":"ListItem","position":2,"name":"lettre d&#8217;information"}]},{"@type":"WebSite","@id":"https:\/\/www.liora-design.ch\/fr\/#website","url":"https:\/\/www.liora-design.ch\/fr\/","name":"liora design","description":"","potentialAction":[{"@type":"SearchAction","target":{"@type":"EntryPoint","urlTemplate":"https:\/\/www.liora-design.ch\/fr\/?s={search_term_string}"},"query-input":{"@type":"PropertyValueSpecification","valueRequired":true,"valueName":"search_term_string"}}],"inLanguage":"fr-FR"}]}},"_links":{"self":[{"href":"https:\/\/www.liora-design.ch\/fr\/wp-json\/wp\/v2\/pages\/1032","targetHints":{"allow":["GET"]}}],"collection":[{"href":"https:\/\/www.liora-design.ch\/fr\/wp-json\/wp\/v2\/pages"}],"about":[{"href":"https:\/\/www.liora-design.ch\/fr\/wp-json\/wp\/v2\/types\/page"}],"author":[{"embeddable":true,"href":"https:\/\/www.liora-design.ch\/fr\/wp-json\/wp\/v2\/users\/1"}],"replies":[{"embeddable":true,"href":"https:\/\/www.liora-design.ch\/fr\/wp-json\/wp\/v2\/comments?post=1032"}],"version-history":[{"count":4,"href":"https:\/\/www.liora-design.ch\/fr\/wp-json\/wp\/v2\/pages\/1032\/revisions"}],"predecessor-version":[{"id":1584,"href":"https:\/\/www.liora-design.ch\/fr\/wp-json\/wp\/v2\/pages\/1032\/revisions\/1584"}],"wp:attachment":[{"href":"https:\/\/www.liora-design.ch\/fr\/wp-json\/wp\/v2\/media?parent=1032"}],"curies":[{"name":"wp","href":"https:\/\/api.w.org\/{rel}","templated":true}]}}