{"id":1029,"date":"2023-07-11T17:25:08","date_gmt":"2023-07-11T15:25:08","guid":{"rendered":"https:\/\/www.liora-design.ch\/inspiration\/"},"modified":"2023-09-09T10:49:53","modified_gmt":"2023-09-09T08:49:53","slug":"inspiration","status":"publish","type":"page","link":"https:\/\/www.liora-design.ch\/fr\/inspiration\/","title":{"rendered":"Inspiration"},"content":{"rendered":"\t\t<div data-elementor-type=\"wp-page\" data-elementor-id=\"1029\" class=\"elementor elementor-1029 elementor-40\">\n\t\t\t\t\t\t<section class=\"elementor-section elementor-top-section elementor-element elementor-element-b28c683 elementor-section-boxed elementor-section-height-default elementor-section-height-default\" data-id=\"b28c683\" data-element_type=\"section\" data-e-type=\"section\">\n\t\t\t\t\t\t<div class=\"elementor-container elementor-column-gap-default\">\n\t\t\t\t\t<div class=\"elementor-column elementor-col-100 elementor-top-column elementor-element elementor-element-1236c77\" data-id=\"1236c77\" data-element_type=\"column\" data-e-type=\"column\">\n\t\t\t<div class=\"elementor-widget-wrap elementor-element-populated\">\n\t\t\t\t\t\t<div class=\"elementor-element elementor-element-8940842 elementor-widget elementor-widget-html\" data-id=\"8940842\" data-element_type=\"widget\" data-e-type=\"widget\" data-widget_type=\"html.default\">\n\t\t\t\t<div class=\"elementor-widget-container\">\n\t\t\t\t\t<div class=\"newsfilter inspirationfilter\">\n  <ul class=\"\">\n    <li class=\"insp--all\"><a href=\"\/fr\/inspiration\/\">Tous<\/a><\/li>\n    <li class=\"insp--deko\"><a href=\"\/fr\/inspiration\/?c=dekorativ\">D\u00e9corative<\/a><\/li>\n     <li class=\"insp--arch\"><a href=\"\/fr\/inspiration\/?c=architektur\">Architecture<\/a><\/li>\n      <li class=\"insp--auss\"><a href=\"\/fr\/inspiration\/?c=aussenbeleuchtung\">\u00c9clairage ext\u00e9rieur<\/a><\/li>\n  <\/ul>\n<\/div>\t\t\t\t<\/div>\n\t\t\t\t<\/div>\n\t\t\t\t\t<\/div>\n\t\t<\/div>\n\t\t\t\t\t<\/div>\n\t\t<\/section>\n\t\t\t\t<section class=\"elementor-section elementor-top-section elementor-element elementor-element-23e2517 inspiration-ovl dekorativ elementor-section-boxed elementor-section-height-default elementor-section-height-default\" data-id=\"23e2517\" data-element_type=\"section\" data-e-type=\"section\">\n\t\t\t\t\t\t<div class=\"elementor-container elementor-column-gap-default\">\n\t\t\t\t\t<div class=\"elementor-column elementor-col-50 elementor-top-column elementor-element elementor-element-1c1789f\" data-id=\"1c1789f\" data-element_type=\"column\" data-e-type=\"column\">\n\t\t\t<div class=\"elementor-widget-wrap elementor-element-populated\">\n\t\t\t\t\t\t<div class=\"elementor-element elementor-element-17da69c elementor-widget elementor-widget-image\" data-id=\"17da69c\" data-element_type=\"widget\" data-e-type=\"widget\" data-widget_type=\"image.default\">\n\t\t\t\t<div class=\"elementor-widget-container\">\n\t\t\t\t\t\t\t\t\t\t\t\t\t\t\t<img fetchpriority=\"high\" decoding=\"async\" width=\"800\" height=\"498\" src=\"https:\/\/www.liora-design.ch\/wp-content\/uploads\/skynest-1024x637.jpg\" class=\"attachment-large size-large wp-image-668\" alt=\"\" srcset=\"https:\/\/www.liora-design.ch\/wp-content\/uploads\/skynest-1024x637.jpg 1024w, https:\/\/www.liora-design.ch\/wp-content\/uploads\/skynest-300x187.jpg 300w, https:\/\/www.liora-design.ch\/wp-content\/uploads\/skynest-768x478.jpg 768w, https:\/\/www.liora-design.ch\/wp-content\/uploads\/skynest-93x58.jpg 93w, https:\/\/www.liora-design.ch\/wp-content\/uploads\/skynest-36x22.jpg 36w, https:\/\/www.liora-design.ch\/wp-content\/uploads\/skynest-48x30.jpg 48w, https:\/\/www.liora-design.ch\/wp-content\/uploads\/skynest.jpg 1080w\" sizes=\"(max-width: 800px) 100vw, 800px\" \/>\t\t\t\t\t\t\t\t\t\t\t\t\t\t\t<\/div>\n\t\t\t\t<\/div>\n\t\t\t\t\t<\/div>\n\t\t<\/div>\n\t\t\t\t<div class=\"elementor-column elementor-col-50 elementor-top-column elementor-element elementor-element-1f5fa16\" data-id=\"1f5fa16\" data-element_type=\"column\" data-e-type=\"column\">\n\t\t\t<div class=\"elementor-widget-wrap elementor-element-populated\">\n\t\t\t\t\t\t<div class=\"elementor-element elementor-element-afb8737 elementor-widget elementor-widget-text-editor\" data-id=\"afb8737\" data-element_type=\"widget\" data-e-type=\"widget\" data-widget_type=\"text-editor.default\">\n\t\t\t\t<div class=\"elementor-widget-container\">\n\t\t\t\t\t\t\t\t\t<h4>Skynest : tradition du tissage et innovation<\/h4><p>Une nouvelle solution d&rsquo;\u00e9clairage po\u00e9tique de Marcel Wanders. La nouvelle suspension Skynest marque le retour de Marcel Wanders au th\u00e8me de la suspension, d\u00e9j\u00e0 explor\u00e9 avec son best-seller Skygarden. Le nom \u00e9voque ce pr\u00e9c\u00e9dent chef-d&rsquo;\u0153uvre et sugg\u00e8re un nid de lumi\u00e8re suspendu dans le ciel, le luminaire lui-m\u00eame \u00e9tant une unit\u00e9 fascinante d&rsquo;artisanat traditionnel et de technologie de pointe.<\/p><p><a class=\"btn-secondary\" href=\"https:\/\/professional.flos.com\/fr\/global\/stories\/stories-skynest\/\" target=\"_blank\" rel=\"noopener\">LIRE LA SUITE<\/a><\/p>\t\t\t\t\t\t\t\t<\/div>\n\t\t\t\t<\/div>\n\t\t\t\t\t<\/div>\n\t\t<\/div>\n\t\t\t\t\t<\/div>\n\t\t<\/section>\n\t\t\t\t<section class=\"elementor-section elementor-top-section elementor-element elementor-element-7e8a797 inspiration-ovl architektur elementor-section-boxed elementor-section-height-default elementor-section-height-default\" data-id=\"7e8a797\" data-element_type=\"section\" data-e-type=\"section\">\n\t\t\t\t\t\t<div class=\"elementor-container elementor-column-gap-default\">\n\t\t\t\t\t<div class=\"elementor-column elementor-col-50 elementor-top-column elementor-element elementor-element-28db0c0\" data-id=\"28db0c0\" data-element_type=\"column\" data-e-type=\"column\">\n\t\t\t<div class=\"elementor-widget-wrap elementor-element-populated\">\n\t\t\t\t\t\t<div class=\"elementor-element elementor-element-6961245 elementor-widget elementor-widget-image\" data-id=\"6961245\" data-element_type=\"widget\" data-e-type=\"widget\" data-widget_type=\"image.default\">\n\t\t\t\t<div class=\"elementor-widget-container\">\n\t\t\t\t\t\t\t\t\t\t\t\t\t\t\t<img decoding=\"async\" width=\"800\" height=\"498\" src=\"https:\/\/www.liora-design.ch\/wp-content\/uploads\/dialog-1024x637.jpg\" class=\"attachment-large size-large wp-image-667\" alt=\"\" srcset=\"https:\/\/www.liora-design.ch\/wp-content\/uploads\/dialog-1024x637.jpg 1024w, https:\/\/www.liora-design.ch\/wp-content\/uploads\/dialog-300x187.jpg 300w, https:\/\/www.liora-design.ch\/wp-content\/uploads\/dialog-768x478.jpg 768w, https:\/\/www.liora-design.ch\/wp-content\/uploads\/dialog-93x58.jpg 93w, https:\/\/www.liora-design.ch\/wp-content\/uploads\/dialog-36x22.jpg 36w, https:\/\/www.liora-design.ch\/wp-content\/uploads\/dialog-48x30.jpg 48w, https:\/\/www.liora-design.ch\/wp-content\/uploads\/dialog.jpg 1080w\" sizes=\"(max-width: 800px) 100vw, 800px\" \/>\t\t\t\t\t\t\t\t\t\t\t\t\t\t\t<\/div>\n\t\t\t\t<\/div>\n\t\t\t\t\t<\/div>\n\t\t<\/div>\n\t\t\t\t<div class=\"elementor-column elementor-col-50 elementor-top-column elementor-element elementor-element-47dbae9\" data-id=\"47dbae9\" data-element_type=\"column\" data-e-type=\"column\">\n\t\t\t<div class=\"elementor-widget-wrap elementor-element-populated\">\n\t\t\t\t\t\t<div class=\"elementor-element elementor-element-305dd61 elementor-widget elementor-widget-text-editor\" data-id=\"305dd61\" data-element_type=\"widget\" data-e-type=\"widget\" data-widget_type=\"text-editor.default\">\n\t\t\t\t<div class=\"elementor-widget-container\">\n\t\t\t\t\t\t\t\t\t<h4>Un dialogue avec l&rsquo;architecture et la cr\u00e9ation d&rsquo;une atmosph\u00e8re.<\/h4><p>Une passion pour la lumi\u00e8re. L&rsquo;artisanat combin\u00e9 au savoir-faire. Autour du design et de la lumi\u00e8re. Soutien pour les produits sur mesure et les solutions sp\u00e9cifiques aux clients.<\/p><p><a class=\"btn-secondary\" href=\"https:\/\/professional.flos.com\/fr\/global\/stories\/stories-bouroullecs-lighting-project-for-the-bourse-de-commerce-pinault\/\" target=\"_blank\" rel=\"noopener\">LIRE LA SUITE<\/a><\/p>\t\t\t\t\t\t\t\t<\/div>\n\t\t\t\t<\/div>\n\t\t\t\t\t<\/div>\n\t\t<\/div>\n\t\t\t\t\t<\/div>\n\t\t<\/section>\n\t\t\t\t<section class=\"elementor-section elementor-top-section elementor-element elementor-element-6cf031a inspiration-ovl aussenbeleuchtung elementor-section-boxed elementor-section-height-default elementor-section-height-default\" data-id=\"6cf031a\" data-element_type=\"section\" data-e-type=\"section\">\n\t\t\t\t\t\t<div class=\"elementor-container elementor-column-gap-default\">\n\t\t\t\t\t<div class=\"elementor-column elementor-col-50 elementor-top-column elementor-element elementor-element-670170a\" data-id=\"670170a\" data-element_type=\"column\" data-e-type=\"column\">\n\t\t\t<div class=\"elementor-widget-wrap elementor-element-populated\">\n\t\t\t\t\t\t<div class=\"elementor-element elementor-element-ff85c6b elementor-widget elementor-widget-html\" data-id=\"ff85c6b\" data-element_type=\"widget\" data-e-type=\"widget\" data-widget_type=\"html.default\">\n\t\t\t\t<div class=\"elementor-widget-container\">\n\t\t\t\t\t<iframe title=\"vimeo-player\" src=\"https:\/\/player.vimeo.com\/video\/717481624?h=5660a05009\" width=\"640\" height=\"360\" frameborder=\"0\"    allowfullscreen><\/iframe>\t\t\t\t<\/div>\n\t\t\t\t<\/div>\n\t\t\t\t\t<\/div>\n\t\t<\/div>\n\t\t\t\t<div class=\"elementor-column elementor-col-50 elementor-top-column elementor-element elementor-element-cd73aed\" data-id=\"cd73aed\" data-element_type=\"column\" data-e-type=\"column\">\n\t\t\t<div class=\"elementor-widget-wrap elementor-element-populated\">\n\t\t\t\t\t\t<div class=\"elementor-element elementor-element-651304f elementor-widget elementor-widget-text-editor\" data-id=\"651304f\" data-element_type=\"widget\" data-e-type=\"widget\" data-widget_type=\"text-editor.default\">\n\t\t\t\t<div class=\"elementor-widget-container\">\n\t\t\t\t\t\t\t\t\t<h4>Une structure simple, une technologie complexe<\/h4><p>La famille de projecteurs SPINE, une gamme compl\u00e8te \u00e0 haut rendement, un ensemble complet d&rsquo;effets lumineux et d&rsquo;accessoires sp\u00e9ciaux pour la fonctionnalit\u00e9 et l&rsquo;extr\u00eame flexibilit\u00e9. Le dialogue parfait entre le paysage ext\u00e9rieur et les \u00e9l\u00e9ments architecturaux.<\/p><p><a class=\"btn-secondary\" href=\"https:\/\/professional.flos.com\/fr\/global\/stories\/stories-spine\/\" target=\"_blank\" rel=\"noopener\">LIRE LA SUITE<\/a><\/p>\t\t\t\t\t\t\t\t<\/div>\n\t\t\t\t<\/div>\n\t\t\t\t\t<\/div>\n\t\t<\/div>\n\t\t\t\t\t<\/div>\n\t\t<\/section>\n\t\t\t\t<\/div>\n\t\t","protected":false},"excerpt":{"rendered":"<p>Tous D\u00e9corative Architecture \u00c9clairage ext\u00e9rieur Skynest : tradition du tissage et innovation Une nouvelle solution d&rsquo;\u00e9clairage po\u00e9tique de Marcel Wanders. La nouvelle suspension Skynest marque le retour de Marcel Wanders au th\u00e8me de la suspension, d\u00e9j\u00e0 explor\u00e9 avec son best-seller Skygarden. Le nom \u00e9voque ce pr\u00e9c\u00e9dent chef-d&rsquo;\u0153uvre et sugg\u00e8re un nid de lumi\u00e8re suspendu dans [&hellip;]<\/p>\n","protected":false},"author":1,"featured_media":0,"parent":0,"menu_order":40,"comment_status":"closed","ping_status":"closed","template":"","meta":{"_acf_changed":false,"inline_featured_image":false,"footnotes":""},"class_list":["post-1029","page","type-page","status-publish","hentry"],"acf":[],"yoast_head":"<title>Inspiration - liora design<\/title>\n<meta name=\"description\" content=\"Trouve maintenant ta source d&#039;inspiration pour Lumi\u00e8re et design. En savoir plus!\" \/>\n<meta name=\"robots\" content=\"index, follow, max-snippet:-1, max-image-preview:large, max-video-preview:-1\" \/>\n<meta property=\"og:locale\" content=\"fr_FR\" \/>\n<meta property=\"og:type\" content=\"article\" \/>\n<meta property=\"og:title\" content=\"Inspiration - liora design\" \/>\n<meta property=\"og:description\" content=\"Trouve maintenant ta source d&#039;inspiration pour Lumi\u00e8re et design. En savoir plus!\" \/>\n<meta property=\"og:url\" content=\"https:\/\/www.liora-design.ch\/fr\/inspiration\/\" \/>\n<meta property=\"og:site_name\" content=\"liora design\" \/>\n<meta property=\"article:modified_time\" content=\"2023-09-09T08:49:53+00:00\" \/>\n<meta property=\"og:image\" content=\"https:\/\/www.liora-design.ch\/wp-content\/uploads\/skynest-1024x637.jpg\" \/>\n<meta name=\"twitter:card\" content=\"summary_large_image\" \/>\n<meta name=\"twitter:label1\" content=\"Dur\u00e9e de lecture estim\u00e9e\" \/>\n\t<meta name=\"twitter:data1\" content=\"2 minutes\" \/>\n<script type=\"application\/ld+json\" class=\"yoast-schema-graph\">{\"@context\":\"https:\/\/schema.org\",\"@graph\":[{\"@type\":\"WebPage\",\"@id\":\"https:\/\/www.liora-design.ch\/fr\/inspiration\/\",\"url\":\"https:\/\/www.liora-design.ch\/fr\/inspiration\/\",\"name\":\"Inspiration - liora design\",\"isPartOf\":{\"@id\":\"https:\/\/www.liora-design.ch\/fr\/#website\"},\"primaryImageOfPage\":{\"@id\":\"https:\/\/www.liora-design.ch\/fr\/inspiration\/#primaryimage\"},\"image\":{\"@id\":\"https:\/\/www.liora-design.ch\/fr\/inspiration\/#primaryimage\"},\"thumbnailUrl\":\"https:\/\/www.liora-design.ch\/wp-content\/uploads\/skynest-1024x637.jpg\",\"datePublished\":\"2023-07-11T15:25:08+00:00\",\"dateModified\":\"2023-09-09T08:49:53+00:00\",\"description\":\"Trouve maintenant ta source d'inspiration pour Lumi\u00e8re et design. En savoir plus!\",\"breadcrumb\":{\"@id\":\"https:\/\/www.liora-design.ch\/fr\/inspiration\/#breadcrumb\"},\"inLanguage\":\"fr-FR\",\"potentialAction\":[{\"@type\":\"ReadAction\",\"target\":[\"https:\/\/www.liora-design.ch\/fr\/inspiration\/\"]}]},{\"@type\":\"ImageObject\",\"inLanguage\":\"fr-FR\",\"@id\":\"https:\/\/www.liora-design.ch\/fr\/inspiration\/#primaryimage\",\"url\":\"https:\/\/www.liora-design.ch\/wp-content\/uploads\/skynest-1024x637.jpg\",\"contentUrl\":\"https:\/\/www.liora-design.ch\/wp-content\/uploads\/skynest-1024x637.jpg\"},{\"@type\":\"BreadcrumbList\",\"@id\":\"https:\/\/www.liora-design.ch\/fr\/inspiration\/#breadcrumb\",\"itemListElement\":[{\"@type\":\"ListItem\",\"position\":1,\"name\":\"Startseite\",\"item\":\"https:\/\/www.liora-design.ch\/fr\/\"},{\"@type\":\"ListItem\",\"position\":2,\"name\":\"Inspiration\"}]},{\"@type\":\"WebSite\",\"@id\":\"https:\/\/www.liora-design.ch\/fr\/#website\",\"url\":\"https:\/\/www.liora-design.ch\/fr\/\",\"name\":\"liora design\",\"description\":\"\",\"potentialAction\":[{\"@type\":\"SearchAction\",\"target\":{\"@type\":\"EntryPoint\",\"urlTemplate\":\"https:\/\/www.liora-design.ch\/fr\/?s={search_term_string}\"},\"query-input\":{\"@type\":\"PropertyValueSpecification\",\"valueRequired\":true,\"valueName\":\"search_term_string\"}}],\"inLanguage\":\"fr-FR\"}]}<\/script>","yoast_head_json":{"title":"Inspiration - liora design","description":"Trouve maintenant ta source d'inspiration pour Lumi\u00e8re et design. En savoir plus!","robots":{"index":"index","follow":"follow","max-snippet":"max-snippet:-1","max-image-preview":"max-image-preview:large","max-video-preview":"max-video-preview:-1"},"og_locale":"fr_FR","og_type":"article","og_title":"Inspiration - liora design","og_description":"Trouve maintenant ta source d'inspiration pour Lumi\u00e8re et design. En savoir plus!","og_url":"https:\/\/www.liora-design.ch\/fr\/inspiration\/","og_site_name":"liora design","article_modified_time":"2023-09-09T08:49:53+00:00","og_image":[{"url":"https:\/\/www.liora-design.ch\/wp-content\/uploads\/skynest-1024x637.jpg","type":"","width":"","height":""}],"twitter_card":"summary_large_image","twitter_misc":{"Dur\u00e9e de lecture estim\u00e9e":"2 minutes"},"schema":{"@context":"https:\/\/schema.org","@graph":[{"@type":"WebPage","@id":"https:\/\/www.liora-design.ch\/fr\/inspiration\/","url":"https:\/\/www.liora-design.ch\/fr\/inspiration\/","name":"Inspiration - liora design","isPartOf":{"@id":"https:\/\/www.liora-design.ch\/fr\/#website"},"primaryImageOfPage":{"@id":"https:\/\/www.liora-design.ch\/fr\/inspiration\/#primaryimage"},"image":{"@id":"https:\/\/www.liora-design.ch\/fr\/inspiration\/#primaryimage"},"thumbnailUrl":"https:\/\/www.liora-design.ch\/wp-content\/uploads\/skynest-1024x637.jpg","datePublished":"2023-07-11T15:25:08+00:00","dateModified":"2023-09-09T08:49:53+00:00","description":"Trouve maintenant ta source d'inspiration pour Lumi\u00e8re et design. En savoir plus!","breadcrumb":{"@id":"https:\/\/www.liora-design.ch\/fr\/inspiration\/#breadcrumb"},"inLanguage":"fr-FR","potentialAction":[{"@type":"ReadAction","target":["https:\/\/www.liora-design.ch\/fr\/inspiration\/"]}]},{"@type":"ImageObject","inLanguage":"fr-FR","@id":"https:\/\/www.liora-design.ch\/fr\/inspiration\/#primaryimage","url":"https:\/\/www.liora-design.ch\/wp-content\/uploads\/skynest-1024x637.jpg","contentUrl":"https:\/\/www.liora-design.ch\/wp-content\/uploads\/skynest-1024x637.jpg"},{"@type":"BreadcrumbList","@id":"https:\/\/www.liora-design.ch\/fr\/inspiration\/#breadcrumb","itemListElement":[{"@type":"ListItem","position":1,"name":"Startseite","item":"https:\/\/www.liora-design.ch\/fr\/"},{"@type":"ListItem","position":2,"name":"Inspiration"}]},{"@type":"WebSite","@id":"https:\/\/www.liora-design.ch\/fr\/#website","url":"https:\/\/www.liora-design.ch\/fr\/","name":"liora design","description":"","potentialAction":[{"@type":"SearchAction","target":{"@type":"EntryPoint","urlTemplate":"https:\/\/www.liora-design.ch\/fr\/?s={search_term_string}"},"query-input":{"@type":"PropertyValueSpecification","valueRequired":true,"valueName":"search_term_string"}}],"inLanguage":"fr-FR"}]}},"_links":{"self":[{"href":"https:\/\/www.liora-design.ch\/fr\/wp-json\/wp\/v2\/pages\/1029","targetHints":{"allow":["GET"]}}],"collection":[{"href":"https:\/\/www.liora-design.ch\/fr\/wp-json\/wp\/v2\/pages"}],"about":[{"href":"https:\/\/www.liora-design.ch\/fr\/wp-json\/wp\/v2\/types\/page"}],"author":[{"embeddable":true,"href":"https:\/\/www.liora-design.ch\/fr\/wp-json\/wp\/v2\/users\/1"}],"replies":[{"embeddable":true,"href":"https:\/\/www.liora-design.ch\/fr\/wp-json\/wp\/v2\/comments?post=1029"}],"version-history":[{"count":10,"href":"https:\/\/www.liora-design.ch\/fr\/wp-json\/wp\/v2\/pages\/1029\/revisions"}],"predecessor-version":[{"id":1266,"href":"https:\/\/www.liora-design.ch\/fr\/wp-json\/wp\/v2\/pages\/1029\/revisions\/1266"}],"wp:attachment":[{"href":"https:\/\/www.liora-design.ch\/fr\/wp-json\/wp\/v2\/media?parent=1029"}],"curies":[{"name":"wp","href":"https:\/\/api.w.org\/{rel}","templated":true}]}}