{"id":1028,"date":"2023-07-11T17:24:20","date_gmt":"2023-07-11T15:24:20","guid":{"rendered":"https:\/\/www.liora-design.ch\/fachbereiche\/architektur\/"},"modified":"2023-08-18T12:47:09","modified_gmt":"2023-08-18T10:47:09","slug":"architecture","status":"publish","type":"page","link":"https:\/\/www.liora-design.ch\/fr\/domaines-de-competence\/architecture\/","title":{"rendered":"Architecture"},"content":{"rendered":"\t\t<div data-elementor-type=\"wp-page\" data-elementor-id=\"1028\" class=\"elementor elementor-1028 elementor-36\">\n\t\t\t\t\t\t<section class=\"elementor-section elementor-top-section elementor-element elementor-element-8da935f elementor-section-full_width sub-fachbereich elementor-section-height-default elementor-section-height-default\" data-id=\"8da935f\" data-element_type=\"section\" data-e-type=\"section\">\n\t\t\t\t\t\t<div class=\"elementor-container elementor-column-gap-default\">\n\t\t\t\t\t<div class=\"elementor-column elementor-col-100 elementor-top-column elementor-element elementor-element-b5c4409\" data-id=\"b5c4409\" data-element_type=\"column\" data-e-type=\"column\">\n\t\t\t<div class=\"elementor-widget-wrap elementor-element-populated\">\n\t\t\t\t\t\t<div class=\"elementor-element elementor-element-bb79db4 elementor-widget elementor-widget-image\" data-id=\"bb79db4\" data-element_type=\"widget\" data-e-type=\"widget\" data-widget_type=\"image.default\">\n\t\t\t\t<div class=\"elementor-widget-container\">\n\t\t\t\t\t\t\t\t\t\t\t\t\t\t\t<img fetchpriority=\"high\" decoding=\"async\" width=\"1920\" height=\"600\" src=\"https:\/\/www.liora-design.ch\/wp-content\/uploads\/header-architektur.jpg\" class=\"attachment-full size-full wp-image-683\" alt=\"\" srcset=\"https:\/\/www.liora-design.ch\/wp-content\/uploads\/header-architektur.jpg 1920w, https:\/\/www.liora-design.ch\/wp-content\/uploads\/header-architektur-300x94.jpg 300w, https:\/\/www.liora-design.ch\/wp-content\/uploads\/header-architektur-1024x320.jpg 1024w, https:\/\/www.liora-design.ch\/wp-content\/uploads\/header-architektur-768x240.jpg 768w, https:\/\/www.liora-design.ch\/wp-content\/uploads\/header-architektur-1536x480.jpg 1536w, https:\/\/www.liora-design.ch\/wp-content\/uploads\/header-architektur-96x30.jpg 96w, https:\/\/www.liora-design.ch\/wp-content\/uploads\/header-architektur-36x11.jpg 36w, https:\/\/www.liora-design.ch\/wp-content\/uploads\/header-architektur-48x15.jpg 48w\" sizes=\"(max-width: 1920px) 100vw, 1920px\" \/>\t\t\t\t\t\t\t\t\t\t\t\t\t\t\t<\/div>\n\t\t\t\t<\/div>\n\t\t\t\t\t<\/div>\n\t\t<\/div>\n\t\t\t\t\t<\/div>\n\t\t<\/section>\n\t\t\t\t<section class=\"elementor-section elementor-top-section elementor-element elementor-element-0cc2e18 elementor-section-boxed elementor-section-height-default elementor-section-height-default\" data-id=\"0cc2e18\" data-element_type=\"section\" data-e-type=\"section\">\n\t\t\t\t\t\t<div class=\"elementor-container elementor-column-gap-default\">\n\t\t\t\t\t<div class=\"elementor-column elementor-col-50 elementor-top-column elementor-element elementor-element-4a48c38\" data-id=\"4a48c38\" data-element_type=\"column\" data-e-type=\"column\">\n\t\t\t<div class=\"elementor-widget-wrap elementor-element-populated\">\n\t\t\t\t\t\t<div class=\"elementor-element elementor-element-ace48e1 elementor-widget elementor-widget-text-editor\" data-id=\"ace48e1\" data-element_type=\"widget\" data-e-type=\"widget\" data-widget_type=\"text-editor.default\">\n\t\t\t\t<div class=\"elementor-widget-container\">\n\t\t\t\t\t\t\t\t\t<h2>L&rsquo;architecture.<\/h2><p>Nous vous assistons volontiers dans tous les domaines de l&rsquo;architecture, de l&rsquo;architecture d&rsquo;int\u00e9rieur, du design d&rsquo;\u00e9clairage, de la planification \u00e9lectrique, du d\u00e9veloppement immobilier et de l&rsquo;h\u00f4tellerie\/restauration.<\/p><p>Avec des solutions sp\u00e9cifiques aux projets ainsi que des produits de la gamme officielle FLOS (compos\u00e9e des marques FLOS S.p.A , ARES S.r.l , Antaraes Iluminaci\u00f3n S.A.U), nous vous aidons \u00e0 cr\u00e9er des espaces de vie et de travail de qualit\u00e9.<\/p><p>Tout ce qui concerne la lumi\u00e8re.<\/p>\t\t\t\t\t\t\t\t<\/div>\n\t\t\t\t<\/div>\n\t\t\t\t\t<\/div>\n\t\t<\/div>\n\t\t\t\t<div class=\"elementor-column elementor-col-50 elementor-top-column elementor-element elementor-element-42b960d\" data-id=\"42b960d\" data-element_type=\"column\" data-e-type=\"column\">\n\t\t\t<div class=\"elementor-widget-wrap\">\n\t\t\t\t\t\t\t<\/div>\n\t\t<\/div>\n\t\t\t\t\t<\/div>\n\t\t<\/section>\n\t\t\t\t<section class=\"elementor-section elementor-top-section elementor-element elementor-element-30625eb elementor-section-boxed elementor-section-height-default elementor-section-height-default\" data-id=\"30625eb\" data-element_type=\"section\" data-e-type=\"section\">\n\t\t\t\t\t\t<div class=\"elementor-container elementor-column-gap-default\">\n\t\t\t\t\t<div class=\"elementor-column elementor-col-100 elementor-top-column elementor-element elementor-element-ff3bc4f\" data-id=\"ff3bc4f\" data-element_type=\"column\" data-e-type=\"column\">\n\t\t\t<div class=\"elementor-widget-wrap elementor-element-populated\">\n\t\t\t\t\t\t<div class=\"elementor-element elementor-element-6dcf64c elementor-widget elementor-widget-text-editor\" data-id=\"6dcf64c\" data-element_type=\"widget\" data-e-type=\"widget\" data-widget_type=\"text-editor.default\">\n\t\t\t\t<div class=\"elementor-widget-container\">\n\t\t\t\t\t\t\t\t\t<h2>News.<\/h2>\t\t\t\t\t\t\t\t<\/div>\n\t\t\t\t<\/div>\n\t\t\t\t<div class=\"elementor-element elementor-element-f1ccb98 elementor-widget elementor-widget-shortcode\" data-id=\"f1ccb98\" data-element_type=\"widget\" data-e-type=\"widget\" data-widget_type=\"shortcode.default\">\n\t\t\t\t<div class=\"elementor-widget-container\">\n\t\t\t\t\t\t\t<div class=\"elementor-shortcode\"> <div class=\"row gx-5 readmoreRow\">     <div class=\"col-md-4 mb-5\">\n                        <div class=\"mb-4\"><img decoding=\"async\" width=\"480\" height=\"480\" src=\"https:\/\/www.liora-design.ch\/wp-content\/uploads\/made-with-passion-480x480.jpg\" class=\"img-fluid\" alt=\"\" srcset=\"https:\/\/www.liora-design.ch\/wp-content\/uploads\/made-with-passion-480x480.jpg 480w, https:\/\/www.liora-design.ch\/wp-content\/uploads\/made-with-passion-300x300.jpg 300w, https:\/\/www.liora-design.ch\/wp-content\/uploads\/made-with-passion-150x150.jpg 150w, https:\/\/www.liora-design.ch\/wp-content\/uploads\/made-with-passion-58x58.jpg 58w, https:\/\/www.liora-design.ch\/wp-content\/uploads\/made-with-passion-36x36.jpg 36w, https:\/\/www.liora-design.ch\/wp-content\/uploads\/made-with-passion-48x48.jpg 48w, https:\/\/www.liora-design.ch\/wp-content\/uploads\/made-with-passion.jpg 672w\" sizes=\"(max-width: 480px) 100vw, 480px\" \/>\n                        <\/div>\n                        <div class=\"mb-3 news-category\">\u00c9v\u00e9nements\n                        <\/div>\n                        <div class=\"mb-4 \">\n                        <h4>Fabriqu\u00e9 avec passion<\/h4>\n                        <\/div>\n                        <div class=\"mb-3\">La passion s'\u00e9tend des produits au traitement pur et simple des projets, en passant par le traitement conceptuel des projets.\n                        <\/div>\n                        <div class=\"mb-4 readmore\"><a href=\"https:\/\/professional.flos.com\/fr\/global\/stories\/stories-luce-orizzontale\/\" target=\"_blank\" class=\"btn-secondary\">LIRE LA SUITE<\/a>\n                        <\/div>\n                    <\/div><\/div><\/div>\n\t\t\t\t\t\t<\/div>\n\t\t\t\t<\/div>\n\t\t\t\t\t<\/div>\n\t\t<\/div>\n\t\t\t\t\t<\/div>\n\t\t<\/section>\n\t\t\t\t<section class=\"elementor-section elementor-top-section elementor-element elementor-element-e0c06dd elementor-section-boxed elementor-section-height-default elementor-section-height-default\" data-id=\"e0c06dd\" data-element_type=\"section\" data-e-type=\"section\">\n\t\t\t\t\t\t<div class=\"elementor-container elementor-column-gap-default\">\n\t\t\t\t\t<div class=\"elementor-column elementor-col-100 elementor-top-column elementor-element elementor-element-ea0a1af\" data-id=\"ea0a1af\" data-element_type=\"column\" data-e-type=\"column\">\n\t\t\t<div class=\"elementor-widget-wrap elementor-element-populated\">\n\t\t\t\t\t\t<div class=\"elementor-element elementor-element-3606a13 elementor-widget elementor-widget-text-editor\" data-id=\"3606a13\" data-element_type=\"widget\" data-e-type=\"widget\" data-widget_type=\"text-editor.default\">\n\t\t\t\t<div class=\"elementor-widget-container\">\n\t\t\t\t\t\t\t\t\t<h2>Inspiration.<\/h2>\t\t\t\t\t\t\t\t<\/div>\n\t\t\t\t<\/div>\n\t\t\t\t\t<\/div>\n\t\t<\/div>\n\t\t\t\t\t<\/div>\n\t\t<\/section>\n\t\t\t\t<section class=\"elementor-section elementor-top-section elementor-element elementor-element-f7fc3c9 inspiration-ovl elementor-section-boxed elementor-section-height-default elementor-section-height-default\" data-id=\"f7fc3c9\" data-element_type=\"section\" data-e-type=\"section\">\n\t\t\t\t\t\t<div class=\"elementor-container elementor-column-gap-default\">\n\t\t\t\t\t<div class=\"elementor-column elementor-col-50 elementor-top-column elementor-element elementor-element-9a05b44\" data-id=\"9a05b44\" data-element_type=\"column\" data-e-type=\"column\">\n\t\t\t<div class=\"elementor-widget-wrap elementor-element-populated\">\n\t\t\t\t\t\t<div class=\"elementor-element elementor-element-6a575a1 elementor-widget elementor-widget-image\" data-id=\"6a575a1\" data-element_type=\"widget\" data-e-type=\"widget\" data-widget_type=\"image.default\">\n\t\t\t\t<div class=\"elementor-widget-container\">\n\t\t\t\t\t\t\t\t\t\t\t\t\t\t\t<img decoding=\"async\" width=\"800\" height=\"498\" src=\"https:\/\/www.liora-design.ch\/wp-content\/uploads\/skynest-1024x637.jpg\" class=\"attachment-large size-large wp-image-668\" alt=\"\" srcset=\"https:\/\/www.liora-design.ch\/wp-content\/uploads\/skynest-1024x637.jpg 1024w, https:\/\/www.liora-design.ch\/wp-content\/uploads\/skynest-300x187.jpg 300w, https:\/\/www.liora-design.ch\/wp-content\/uploads\/skynest-768x478.jpg 768w, https:\/\/www.liora-design.ch\/wp-content\/uploads\/skynest-93x58.jpg 93w, https:\/\/www.liora-design.ch\/wp-content\/uploads\/skynest-36x22.jpg 36w, https:\/\/www.liora-design.ch\/wp-content\/uploads\/skynest-48x30.jpg 48w, https:\/\/www.liora-design.ch\/wp-content\/uploads\/skynest.jpg 1080w\" sizes=\"(max-width: 800px) 100vw, 800px\" \/>\t\t\t\t\t\t\t\t\t\t\t\t\t\t\t<\/div>\n\t\t\t\t<\/div>\n\t\t\t\t\t<\/div>\n\t\t<\/div>\n\t\t\t\t<div class=\"elementor-column elementor-col-50 elementor-top-column elementor-element elementor-element-f0d349b\" data-id=\"f0d349b\" data-element_type=\"column\" data-e-type=\"column\">\n\t\t\t<div class=\"elementor-widget-wrap elementor-element-populated\">\n\t\t\t\t\t\t<div class=\"elementor-element elementor-element-9d62f3f elementor-widget elementor-widget-text-editor\" data-id=\"9d62f3f\" data-element_type=\"widget\" data-e-type=\"widget\" data-widget_type=\"text-editor.default\">\n\t\t\t\t<div class=\"elementor-widget-container\">\n\t\t\t\t\t\t\t\t\t<h4>Skynest : tradition du tissage et innovation<\/h4><p>Une nouvelle solution d&rsquo;\u00e9clairage po\u00e9tique de Marcel Wanders. La nouvelle suspension Skynest marque le retour de Marcel Wanders au th\u00e8me de la suspension, d\u00e9j\u00e0 explor\u00e9 avec son best-seller Skygarden. Le nom \u00e9voque ce pr\u00e9c\u00e9dent chef-d&rsquo;\u0153uvre et sugg\u00e8re un nid de lumi\u00e8re suspendu dans le ciel, le luminaire lui-m\u00eame \u00e9tant une unit\u00e9 fascinante d&rsquo;artisanat traditionnel et de technologie de pointe.<\/p><p><a class=\"btn-secondary\" href=\"https:\/\/professional.flos.com\/fr\/global\/stories\/stories-skynest\/\" target=\"_blank\" rel=\"noopener\">LIRE LA SUITE<\/a><\/p>\t\t\t\t\t\t\t\t<\/div>\n\t\t\t\t<\/div>\n\t\t\t\t\t<\/div>\n\t\t<\/div>\n\t\t\t\t\t<\/div>\n\t\t<\/section>\n\t\t\t\t<section class=\"elementor-section elementor-top-section elementor-element elementor-element-c1c0537 inspiration-ovl inspiration-ovl2 elementor-section-boxed elementor-section-height-default elementor-section-height-default\" data-id=\"c1c0537\" data-element_type=\"section\" data-e-type=\"section\">\n\t\t\t\t\t\t<div class=\"elementor-container elementor-column-gap-default\">\n\t\t\t\t\t<div class=\"elementor-column elementor-col-50 elementor-top-column elementor-element elementor-element-68035e5\" data-id=\"68035e5\" data-element_type=\"column\" data-e-type=\"column\">\n\t\t\t<div class=\"elementor-widget-wrap elementor-element-populated\">\n\t\t\t\t\t\t<div class=\"elementor-element elementor-element-3a3b143 elementor-widget elementor-widget-image\" data-id=\"3a3b143\" data-element_type=\"widget\" data-e-type=\"widget\" data-widget_type=\"image.default\">\n\t\t\t\t<div class=\"elementor-widget-container\">\n\t\t\t\t\t\t\t\t\t\t\t\t\t\t\t<img loading=\"lazy\" decoding=\"async\" width=\"800\" height=\"498\" src=\"https:\/\/www.liora-design.ch\/wp-content\/uploads\/dialog-1024x637.jpg\" class=\"attachment-large size-large wp-image-667\" alt=\"\" srcset=\"https:\/\/www.liora-design.ch\/wp-content\/uploads\/dialog-1024x637.jpg 1024w, https:\/\/www.liora-design.ch\/wp-content\/uploads\/dialog-300x187.jpg 300w, https:\/\/www.liora-design.ch\/wp-content\/uploads\/dialog-768x478.jpg 768w, https:\/\/www.liora-design.ch\/wp-content\/uploads\/dialog-93x58.jpg 93w, https:\/\/www.liora-design.ch\/wp-content\/uploads\/dialog-36x22.jpg 36w, https:\/\/www.liora-design.ch\/wp-content\/uploads\/dialog-48x30.jpg 48w, https:\/\/www.liora-design.ch\/wp-content\/uploads\/dialog.jpg 1080w\" sizes=\"(max-width: 800px) 100vw, 800px\" \/>\t\t\t\t\t\t\t\t\t\t\t\t\t\t\t<\/div>\n\t\t\t\t<\/div>\n\t\t\t\t\t<\/div>\n\t\t<\/div>\n\t\t\t\t<div class=\"elementor-column elementor-col-50 elementor-top-column elementor-element elementor-element-35a15dc\" data-id=\"35a15dc\" data-element_type=\"column\" data-e-type=\"column\">\n\t\t\t<div class=\"elementor-widget-wrap elementor-element-populated\">\n\t\t\t\t\t\t<div class=\"elementor-element elementor-element-5bd18ce elementor-widget elementor-widget-text-editor\" data-id=\"5bd18ce\" data-element_type=\"widget\" data-e-type=\"widget\" data-widget_type=\"text-editor.default\">\n\t\t\t\t<div class=\"elementor-widget-container\">\n\t\t\t\t\t\t\t\t\t<h4>Un dialogue avec l&rsquo;architecture et la cr\u00e9ation d&rsquo;une atmosph\u00e8re.<\/h4><p>Une passion pour la lumi\u00e8re. L&rsquo;artisanat combin\u00e9 au savoir-faire. Autour du design et de la lumi\u00e8re. Soutien pour les produits sur mesure et les solutions sp\u00e9cifiques aux clients.<\/p><p><a class=\"btn-secondary\" href=\"https:\/\/professional.flos.com\/fr\/global\/stories\/stories-bouroullecs-lighting-project-for-the-bourse-de-commerce-pinault\/\" target=\"_blank\" rel=\"noopener\">LIRE LA SUITE<\/a><\/p>\t\t\t\t\t\t\t\t<\/div>\n\t\t\t\t<\/div>\n\t\t\t\t\t<\/div>\n\t\t<\/div>\n\t\t\t\t\t<\/div>\n\t\t<\/section>\n\t\t\t\t<section class=\"elementor-section elementor-top-section elementor-element elementor-element-9bb432b fachbereich-download elementor-section-boxed elementor-section-height-default elementor-section-height-default\" data-id=\"9bb432b\" data-element_type=\"section\" data-e-type=\"section\">\n\t\t\t\t\t\t<div class=\"elementor-container elementor-column-gap-default\">\n\t\t\t\t\t<div class=\"elementor-column elementor-col-100 elementor-top-column elementor-element elementor-element-882d92b\" data-id=\"882d92b\" data-element_type=\"column\" data-e-type=\"column\">\n\t\t\t<div class=\"elementor-widget-wrap elementor-element-populated\">\n\t\t\t\t\t\t<div class=\"elementor-element elementor-element-a726d05 elementor-widget elementor-widget-text-editor\" data-id=\"a726d05\" data-element_type=\"widget\" data-e-type=\"widget\" data-widget_type=\"text-editor.default\">\n\t\t\t\t<div class=\"elementor-widget-container\">\n\t\t\t\t\t\t\t\t\t<h2>T\u00e9l\u00e9chargements pour l&rsquo;architecture<\/h2>\t\t\t\t\t\t\t\t<\/div>\n\t\t\t\t<\/div>\n\t\t\t\t<section class=\"elementor-section elementor-inner-section elementor-element elementor-element-d7f9a30 elementor-section-boxed elementor-section-height-default elementor-section-height-default\" data-id=\"d7f9a30\" data-element_type=\"section\" data-e-type=\"section\">\n\t\t\t\t\t\t<div class=\"elementor-container elementor-column-gap-default\">\n\t\t\t\t\t<div class=\"elementor-column elementor-col-50 elementor-inner-column elementor-element elementor-element-5e97bc4\" data-id=\"5e97bc4\" data-element_type=\"column\" data-e-type=\"column\">\n\t\t\t<div class=\"elementor-widget-wrap elementor-element-populated\">\n\t\t\t\t\t\t<div class=\"elementor-element elementor-element-fe809d2 elementor-widget elementor-widget-text-editor\" data-id=\"fe809d2\" data-element_type=\"widget\" data-e-type=\"widget\" data-widget_type=\"text-editor.default\">\n\t\t\t\t<div class=\"elementor-widget-container\">\n\t\t\t\t\t\t\t\t\t<p>Plus d&rsquo;informations pour les architectes, les designers et les planificateurs \u00e9galement sous la rubrique T\u00e9l\u00e9chargements. T\u00e9l\u00e9chargez \u00e0 tout moment les documents qui vous conviennent !<\/p>\t\t\t\t\t\t\t\t<\/div>\n\t\t\t\t<\/div>\n\t\t\t\t\t<\/div>\n\t\t<\/div>\n\t\t\t\t<div class=\"elementor-column elementor-col-50 elementor-inner-column elementor-element elementor-element-7a34f8a\" data-id=\"7a34f8a\" data-element_type=\"column\" data-e-type=\"column\">\n\t\t\t<div class=\"elementor-widget-wrap elementor-element-populated\">\n\t\t\t\t\t\t<div class=\"elementor-element elementor-element-ef18f3f elementor-widget elementor-widget-html\" data-id=\"ef18f3f\" data-element_type=\"widget\" data-e-type=\"widget\" data-widget_type=\"html.default\">\n\t\t\t\t<div class=\"elementor-widget-container\">\n\t\t\t\t\t<div style=\"isolation: isolate;\"><a href=\"\/fr\/downloads\/\"><button class=\"btn-primary\">Downloads<\/button><\/a><\/div>    \t\t\t\t<\/div>\n\t\t\t\t<\/div>\n\t\t\t\t\t<\/div>\n\t\t<\/div>\n\t\t\t\t\t<\/div>\n\t\t<\/section>\n\t\t\t\t\t<\/div>\n\t\t<\/div>\n\t\t\t\t\t<\/div>\n\t\t<\/section>\n\t\t\t\t<\/div>\n\t\t","protected":false},"excerpt":{"rendered":"<p>L&rsquo;architecture. Nous vous assistons volontiers dans tous les domaines de l&rsquo;architecture, de l&rsquo;architecture d&rsquo;int\u00e9rieur, du design d&rsquo;\u00e9clairage, de la planification \u00e9lectrique, du d\u00e9veloppement immobilier et de l&rsquo;h\u00f4tellerie\/restauration. Avec des solutions sp\u00e9cifiques aux projets ainsi que des produits de la gamme officielle FLOS (compos\u00e9e des marques FLOS S.p.A , ARES S.r.l , Antaraes Iluminaci\u00f3n S.A.U), nous [&hellip;]<\/p>\n","protected":false},"author":1,"featured_media":0,"parent":1009,"menu_order":20,"comment_status":"closed","ping_status":"closed","template":"","meta":{"_acf_changed":false,"inline_featured_image":false,"footnotes":""},"class_list":["post-1028","page","type-page","status-publish","hentry"],"acf":[],"yoast_head":"<title>Architecture - liora design<\/title>\n<meta name=\"description\" content=\"Nous vous soutenons dans tous vos projets d\u2019architecture ! Besoin d\u2019une premi\u00e8re inspiration? En svoir plus!\" \/>\n<meta name=\"robots\" content=\"index, follow, max-snippet:-1, max-image-preview:large, max-video-preview:-1\" \/>\n<meta property=\"og:locale\" content=\"fr_FR\" \/>\n<meta property=\"og:type\" content=\"article\" \/>\n<meta property=\"og:title\" content=\"Architecture - liora design\" \/>\n<meta property=\"og:description\" content=\"Nous vous soutenons dans tous vos projets d\u2019architecture ! Besoin d\u2019une premi\u00e8re inspiration? En svoir plus!\" \/>\n<meta property=\"og:url\" content=\"https:\/\/www.liora-design.ch\/fr\/domaines-de-competence\/architecture\/\" \/>\n<meta property=\"og:site_name\" content=\"liora design\" \/>\n<meta property=\"article:modified_time\" content=\"2023-08-18T10:47:09+00:00\" \/>\n<meta property=\"og:image\" content=\"https:\/\/www.liora-design.ch\/wp-content\/uploads\/header-architektur.jpg\" \/>\n<meta name=\"twitter:card\" content=\"summary_large_image\" \/>\n<meta name=\"twitter:label1\" content=\"Dur\u00e9e de lecture estim\u00e9e\" \/>\n\t<meta name=\"twitter:data1\" content=\"2 minutes\" \/>\n<script type=\"application\/ld+json\" class=\"yoast-schema-graph\">{\"@context\":\"https:\/\/schema.org\",\"@graph\":[{\"@type\":\"WebPage\",\"@id\":\"https:\/\/www.liora-design.ch\/fr\/domaines-de-competence\/architecture\/\",\"url\":\"https:\/\/www.liora-design.ch\/fr\/domaines-de-competence\/architecture\/\",\"name\":\"Architecture - liora design\",\"isPartOf\":{\"@id\":\"https:\/\/www.liora-design.ch\/fr\/#website\"},\"primaryImageOfPage\":{\"@id\":\"https:\/\/www.liora-design.ch\/fr\/domaines-de-competence\/architecture\/#primaryimage\"},\"image\":{\"@id\":\"https:\/\/www.liora-design.ch\/fr\/domaines-de-competence\/architecture\/#primaryimage\"},\"thumbnailUrl\":\"https:\/\/www.liora-design.ch\/wp-content\/uploads\/header-architektur.jpg\",\"datePublished\":\"2023-07-11T15:24:20+00:00\",\"dateModified\":\"2023-08-18T10:47:09+00:00\",\"description\":\"Nous vous soutenons dans tous vos projets d\u2019architecture ! Besoin d\u2019une premi\u00e8re inspiration? En svoir plus!\",\"breadcrumb\":{\"@id\":\"https:\/\/www.liora-design.ch\/fr\/domaines-de-competence\/architecture\/#breadcrumb\"},\"inLanguage\":\"fr-FR\",\"potentialAction\":[{\"@type\":\"ReadAction\",\"target\":[\"https:\/\/www.liora-design.ch\/fr\/domaines-de-competence\/architecture\/\"]}]},{\"@type\":\"ImageObject\",\"inLanguage\":\"fr-FR\",\"@id\":\"https:\/\/www.liora-design.ch\/fr\/domaines-de-competence\/architecture\/#primaryimage\",\"url\":\"https:\/\/www.liora-design.ch\/wp-content\/uploads\/header-architektur.jpg\",\"contentUrl\":\"https:\/\/www.liora-design.ch\/wp-content\/uploads\/header-architektur.jpg\"},{\"@type\":\"BreadcrumbList\",\"@id\":\"https:\/\/www.liora-design.ch\/fr\/domaines-de-competence\/architecture\/#breadcrumb\",\"itemListElement\":[{\"@type\":\"ListItem\",\"position\":1,\"name\":\"Startseite\",\"item\":\"https:\/\/www.liora-design.ch\/fr\/\"},{\"@type\":\"ListItem\",\"position\":2,\"name\":\"Domaines de comp\u00e9tence\",\"item\":\"https:\/\/www.liora-design.ch\/fr\/domaines-de-competence\/\"},{\"@type\":\"ListItem\",\"position\":3,\"name\":\"Architecture\"}]},{\"@type\":\"WebSite\",\"@id\":\"https:\/\/www.liora-design.ch\/fr\/#website\",\"url\":\"https:\/\/www.liora-design.ch\/fr\/\",\"name\":\"liora design\",\"description\":\"\",\"potentialAction\":[{\"@type\":\"SearchAction\",\"target\":{\"@type\":\"EntryPoint\",\"urlTemplate\":\"https:\/\/www.liora-design.ch\/fr\/?s={search_term_string}\"},\"query-input\":{\"@type\":\"PropertyValueSpecification\",\"valueRequired\":true,\"valueName\":\"search_term_string\"}}],\"inLanguage\":\"fr-FR\"}]}<\/script>","yoast_head_json":{"title":"Architecture - liora design","description":"Nous vous soutenons dans tous vos projets d\u2019architecture ! Besoin d\u2019une premi\u00e8re inspiration? En svoir plus!","robots":{"index":"index","follow":"follow","max-snippet":"max-snippet:-1","max-image-preview":"max-image-preview:large","max-video-preview":"max-video-preview:-1"},"og_locale":"fr_FR","og_type":"article","og_title":"Architecture - liora design","og_description":"Nous vous soutenons dans tous vos projets d\u2019architecture ! Besoin d\u2019une premi\u00e8re inspiration? En svoir plus!","og_url":"https:\/\/www.liora-design.ch\/fr\/domaines-de-competence\/architecture\/","og_site_name":"liora design","article_modified_time":"2023-08-18T10:47:09+00:00","og_image":[{"url":"https:\/\/www.liora-design.ch\/wp-content\/uploads\/header-architektur.jpg","type":"","width":"","height":""}],"twitter_card":"summary_large_image","twitter_misc":{"Dur\u00e9e de lecture estim\u00e9e":"2 minutes"},"schema":{"@context":"https:\/\/schema.org","@graph":[{"@type":"WebPage","@id":"https:\/\/www.liora-design.ch\/fr\/domaines-de-competence\/architecture\/","url":"https:\/\/www.liora-design.ch\/fr\/domaines-de-competence\/architecture\/","name":"Architecture - liora design","isPartOf":{"@id":"https:\/\/www.liora-design.ch\/fr\/#website"},"primaryImageOfPage":{"@id":"https:\/\/www.liora-design.ch\/fr\/domaines-de-competence\/architecture\/#primaryimage"},"image":{"@id":"https:\/\/www.liora-design.ch\/fr\/domaines-de-competence\/architecture\/#primaryimage"},"thumbnailUrl":"https:\/\/www.liora-design.ch\/wp-content\/uploads\/header-architektur.jpg","datePublished":"2023-07-11T15:24:20+00:00","dateModified":"2023-08-18T10:47:09+00:00","description":"Nous vous soutenons dans tous vos projets d\u2019architecture ! Besoin d\u2019une premi\u00e8re inspiration? En svoir plus!","breadcrumb":{"@id":"https:\/\/www.liora-design.ch\/fr\/domaines-de-competence\/architecture\/#breadcrumb"},"inLanguage":"fr-FR","potentialAction":[{"@type":"ReadAction","target":["https:\/\/www.liora-design.ch\/fr\/domaines-de-competence\/architecture\/"]}]},{"@type":"ImageObject","inLanguage":"fr-FR","@id":"https:\/\/www.liora-design.ch\/fr\/domaines-de-competence\/architecture\/#primaryimage","url":"https:\/\/www.liora-design.ch\/wp-content\/uploads\/header-architektur.jpg","contentUrl":"https:\/\/www.liora-design.ch\/wp-content\/uploads\/header-architektur.jpg"},{"@type":"BreadcrumbList","@id":"https:\/\/www.liora-design.ch\/fr\/domaines-de-competence\/architecture\/#breadcrumb","itemListElement":[{"@type":"ListItem","position":1,"name":"Startseite","item":"https:\/\/www.liora-design.ch\/fr\/"},{"@type":"ListItem","position":2,"name":"Domaines de comp\u00e9tence","item":"https:\/\/www.liora-design.ch\/fr\/domaines-de-competence\/"},{"@type":"ListItem","position":3,"name":"Architecture"}]},{"@type":"WebSite","@id":"https:\/\/www.liora-design.ch\/fr\/#website","url":"https:\/\/www.liora-design.ch\/fr\/","name":"liora design","description":"","potentialAction":[{"@type":"SearchAction","target":{"@type":"EntryPoint","urlTemplate":"https:\/\/www.liora-design.ch\/fr\/?s={search_term_string}"},"query-input":{"@type":"PropertyValueSpecification","valueRequired":true,"valueName":"search_term_string"}}],"inLanguage":"fr-FR"}]}},"_links":{"self":[{"href":"https:\/\/www.liora-design.ch\/fr\/wp-json\/wp\/v2\/pages\/1028","targetHints":{"allow":["GET"]}}],"collection":[{"href":"https:\/\/www.liora-design.ch\/fr\/wp-json\/wp\/v2\/pages"}],"about":[{"href":"https:\/\/www.liora-design.ch\/fr\/wp-json\/wp\/v2\/types\/page"}],"author":[{"embeddable":true,"href":"https:\/\/www.liora-design.ch\/fr\/wp-json\/wp\/v2\/users\/1"}],"replies":[{"embeddable":true,"href":"https:\/\/www.liora-design.ch\/fr\/wp-json\/wp\/v2\/comments?post=1028"}],"version-history":[{"count":8,"href":"https:\/\/www.liora-design.ch\/fr\/wp-json\/wp\/v2\/pages\/1028\/revisions"}],"predecessor-version":[{"id":1192,"href":"https:\/\/www.liora-design.ch\/fr\/wp-json\/wp\/v2\/pages\/1028\/revisions\/1192"}],"up":[{"embeddable":true,"href":"https:\/\/www.liora-design.ch\/fr\/wp-json\/wp\/v2\/pages\/1009"}],"wp:attachment":[{"href":"https:\/\/www.liora-design.ch\/fr\/wp-json\/wp\/v2\/media?parent=1028"}],"curies":[{"name":"wp","href":"https:\/\/api.w.org\/{rel}","templated":true}]}}