{"id":1027,"date":"2023-07-11T17:24:05","date_gmt":"2023-07-11T15:24:05","guid":{"rendered":"https:\/\/www.liora-design.ch\/fachbereiche\/fachhandel\/"},"modified":"2023-08-18T12:46:23","modified_gmt":"2023-08-18T10:46:23","slug":"retail","status":"publish","type":"page","link":"https:\/\/www.liora-design.ch\/fr\/domaines-de-competence\/retail\/","title":{"rendered":"Retail"},"content":{"rendered":"\t\t<div data-elementor-type=\"wp-page\" data-elementor-id=\"1027\" class=\"elementor elementor-1027 elementor-34\">\n\t\t\t\t\t\t<section class=\"elementor-section elementor-top-section elementor-element elementor-element-47267b1 elementor-section-full_width sub-fachbereich elementor-section-height-default elementor-section-height-default\" data-id=\"47267b1\" data-element_type=\"section\" data-e-type=\"section\">\n\t\t\t\t\t\t<div class=\"elementor-container elementor-column-gap-default\">\n\t\t\t\t\t<div class=\"elementor-column elementor-col-100 elementor-top-column elementor-element elementor-element-de47b18\" data-id=\"de47b18\" data-element_type=\"column\" data-e-type=\"column\">\n\t\t\t<div class=\"elementor-widget-wrap elementor-element-populated\">\n\t\t\t\t\t\t<div class=\"elementor-element elementor-element-f9c7609 elementor-widget elementor-widget-image\" data-id=\"f9c7609\" data-element_type=\"widget\" data-e-type=\"widget\" data-widget_type=\"image.default\">\n\t\t\t\t<div class=\"elementor-widget-container\">\n\t\t\t\t\t\t\t\t\t\t\t\t\t\t\t<img fetchpriority=\"high\" decoding=\"async\" width=\"1920\" height=\"500\" src=\"https:\/\/www.liora-design.ch\/wp-content\/uploads\/fachhandel.jpg\" class=\"attachment-full size-full wp-image-677\" alt=\"\" srcset=\"https:\/\/www.liora-design.ch\/wp-content\/uploads\/fachhandel.jpg 1920w, https:\/\/www.liora-design.ch\/wp-content\/uploads\/fachhandel-300x78.jpg 300w, https:\/\/www.liora-design.ch\/wp-content\/uploads\/fachhandel-1024x267.jpg 1024w, https:\/\/www.liora-design.ch\/wp-content\/uploads\/fachhandel-768x200.jpg 768w, https:\/\/www.liora-design.ch\/wp-content\/uploads\/fachhandel-1536x400.jpg 1536w, https:\/\/www.liora-design.ch\/wp-content\/uploads\/fachhandel-96x25.jpg 96w, https:\/\/www.liora-design.ch\/wp-content\/uploads\/fachhandel-36x9.jpg 36w, https:\/\/www.liora-design.ch\/wp-content\/uploads\/fachhandel-48x13.jpg 48w\" sizes=\"(max-width: 1920px) 100vw, 1920px\" \/>\t\t\t\t\t\t\t\t\t\t\t\t\t\t\t<\/div>\n\t\t\t\t<\/div>\n\t\t\t\t\t<\/div>\n\t\t<\/div>\n\t\t\t\t\t<\/div>\n\t\t<\/section>\n\t\t\t\t<section class=\"elementor-section elementor-top-section elementor-element elementor-element-f770b0f elementor-section-boxed elementor-section-height-default elementor-section-height-default\" data-id=\"f770b0f\" data-element_type=\"section\" data-e-type=\"section\">\n\t\t\t\t\t\t<div class=\"elementor-container elementor-column-gap-default\">\n\t\t\t\t\t<div class=\"elementor-column elementor-col-50 elementor-top-column elementor-element elementor-element-9b46545\" data-id=\"9b46545\" data-element_type=\"column\" data-e-type=\"column\">\n\t\t\t<div class=\"elementor-widget-wrap elementor-element-populated\">\n\t\t\t\t\t\t<div class=\"elementor-element elementor-element-777add2 elementor-widget elementor-widget-text-editor\" data-id=\"777add2\" data-element_type=\"widget\" data-e-type=\"widget\" data-widget_type=\"text-editor.default\">\n\t\t\t\t<div class=\"elementor-widget-container\">\n\t\t\t\t\t\t\t\t\t<h2>Retail.<\/h2><p>Nos partenaires professionnels s\u00e9lectifs sont actifs dans le domaine de l&rsquo;\u00e9clairage, du design et du mobilier. Ils repr\u00e9sentent FLOS, mettent en sc\u00e8ne les nouveaut\u00e9s ainsi que les ic\u00f4nes du design dans leurs showrooms.<\/p>\t\t\t\t\t\t\t\t<\/div>\n\t\t\t\t<\/div>\n\t\t\t\t\t<\/div>\n\t\t<\/div>\n\t\t\t\t<div class=\"elementor-column elementor-col-50 elementor-top-column elementor-element elementor-element-4b20eda\" data-id=\"4b20eda\" data-element_type=\"column\" data-e-type=\"column\">\n\t\t\t<div class=\"elementor-widget-wrap\">\n\t\t\t\t\t\t\t<\/div>\n\t\t<\/div>\n\t\t\t\t\t<\/div>\n\t\t<\/section>\n\t\t\t\t<section class=\"elementor-section elementor-top-section elementor-element elementor-element-8a44519 elementor-section-boxed elementor-section-height-default elementor-section-height-default\" data-id=\"8a44519\" data-element_type=\"section\" data-e-type=\"section\">\n\t\t\t\t\t\t<div class=\"elementor-container elementor-column-gap-default\">\n\t\t\t\t\t<div class=\"elementor-column elementor-col-100 elementor-top-column elementor-element elementor-element-464bd76\" data-id=\"464bd76\" data-element_type=\"column\" data-e-type=\"column\">\n\t\t\t<div class=\"elementor-widget-wrap elementor-element-populated\">\n\t\t\t\t\t\t<div class=\"elementor-element elementor-element-ef91b65 elementor-widget elementor-widget-text-editor\" data-id=\"ef91b65\" data-element_type=\"widget\" data-e-type=\"widget\" data-widget_type=\"text-editor.default\">\n\t\t\t\t<div class=\"elementor-widget-container\">\n\t\t\t\t\t\t\t\t\t<h2>News.<\/h2>\t\t\t\t\t\t\t\t<\/div>\n\t\t\t\t<\/div>\n\t\t\t\t<div class=\"elementor-element elementor-element-ff78b3a elementor-widget elementor-widget-shortcode\" data-id=\"ff78b3a\" data-element_type=\"widget\" data-e-type=\"widget\" data-widget_type=\"shortcode.default\">\n\t\t\t\t<div class=\"elementor-widget-container\">\n\t\t\t\t\t\t\t<div class=\"elementor-shortcode\"> <div class=\"row gx-5 readmoreRow\">     <div class=\"col-md-4 mb-5\">\n                        <div class=\"mb-4\"><img decoding=\"async\" width=\"480\" height=\"480\" src=\"https:\/\/www.liora-design.ch\/wp-content\/uploads\/made-with-passion-480x480.jpg\" class=\"img-fluid\" alt=\"\" srcset=\"https:\/\/www.liora-design.ch\/wp-content\/uploads\/made-with-passion-480x480.jpg 480w, https:\/\/www.liora-design.ch\/wp-content\/uploads\/made-with-passion-300x300.jpg 300w, https:\/\/www.liora-design.ch\/wp-content\/uploads\/made-with-passion-150x150.jpg 150w, https:\/\/www.liora-design.ch\/wp-content\/uploads\/made-with-passion-58x58.jpg 58w, https:\/\/www.liora-design.ch\/wp-content\/uploads\/made-with-passion-36x36.jpg 36w, https:\/\/www.liora-design.ch\/wp-content\/uploads\/made-with-passion-48x48.jpg 48w, https:\/\/www.liora-design.ch\/wp-content\/uploads\/made-with-passion.jpg 672w\" sizes=\"(max-width: 480px) 100vw, 480px\" \/>\n                        <\/div>\n                        <div class=\"mb-3 news-category\">\u00c9v\u00e9nements\n                        <\/div>\n                        <div class=\"mb-4 \">\n                        <h4>Fabriqu\u00e9 avec passion<\/h4>\n                        <\/div>\n                        <div class=\"mb-3\">La passion s'\u00e9tend des produits au traitement pur et simple des projets, en passant par le traitement conceptuel des projets.\n                        <\/div>\n                        <div class=\"mb-4 readmore\"><a href=\"https:\/\/professional.flos.com\/fr\/global\/stories\/stories-luce-orizzontale\/\" target=\"_blank\" class=\"btn-secondary\">LIRE LA SUITE<\/a>\n                        <\/div>\n                    <\/div><\/div><\/div>\n\t\t\t\t\t\t<\/div>\n\t\t\t\t<\/div>\n\t\t\t\t\t<\/div>\n\t\t<\/div>\n\t\t\t\t\t<\/div>\n\t\t<\/section>\n\t\t\t\t<section class=\"elementor-section elementor-top-section elementor-element elementor-element-b488f0d elementor-section-boxed elementor-section-height-default elementor-section-height-default\" data-id=\"b488f0d\" data-element_type=\"section\" data-e-type=\"section\">\n\t\t\t\t\t\t<div class=\"elementor-container elementor-column-gap-default\">\n\t\t\t\t\t<div class=\"elementor-column elementor-col-100 elementor-top-column elementor-element elementor-element-28518df\" data-id=\"28518df\" data-element_type=\"column\" data-e-type=\"column\">\n\t\t\t<div class=\"elementor-widget-wrap elementor-element-populated\">\n\t\t\t\t\t\t<div class=\"elementor-element elementor-element-c8aa4ee elementor-widget elementor-widget-text-editor\" data-id=\"c8aa4ee\" data-element_type=\"widget\" data-e-type=\"widget\" data-widget_type=\"text-editor.default\">\n\t\t\t\t<div class=\"elementor-widget-container\">\n\t\t\t\t\t\t\t\t\t<h2>Inspiration<\/h2>\t\t\t\t\t\t\t\t<\/div>\n\t\t\t\t<\/div>\n\t\t\t\t\t<\/div>\n\t\t<\/div>\n\t\t\t\t\t<\/div>\n\t\t<\/section>\n\t\t\t\t<section class=\"elementor-section elementor-top-section elementor-element elementor-element-5805d99 inspiration-ovl elementor-section-boxed elementor-section-height-default elementor-section-height-default\" data-id=\"5805d99\" data-element_type=\"section\" data-e-type=\"section\">\n\t\t\t\t\t\t<div class=\"elementor-container elementor-column-gap-default\">\n\t\t\t\t\t<div class=\"elementor-column elementor-col-50 elementor-top-column elementor-element elementor-element-6a2f72b\" data-id=\"6a2f72b\" data-element_type=\"column\" data-e-type=\"column\">\n\t\t\t<div class=\"elementor-widget-wrap elementor-element-populated\">\n\t\t\t\t\t\t<div class=\"elementor-element elementor-element-6df2d33 elementor-widget elementor-widget-image\" data-id=\"6df2d33\" data-element_type=\"widget\" data-e-type=\"widget\" data-widget_type=\"image.default\">\n\t\t\t\t<div class=\"elementor-widget-container\">\n\t\t\t\t\t\t\t\t\t\t\t\t\t\t\t<img decoding=\"async\" width=\"800\" height=\"498\" src=\"https:\/\/www.liora-design.ch\/wp-content\/uploads\/skynest-1024x637.jpg\" class=\"attachment-large size-large wp-image-668\" alt=\"\" srcset=\"https:\/\/www.liora-design.ch\/wp-content\/uploads\/skynest-1024x637.jpg 1024w, https:\/\/www.liora-design.ch\/wp-content\/uploads\/skynest-300x187.jpg 300w, https:\/\/www.liora-design.ch\/wp-content\/uploads\/skynest-768x478.jpg 768w, https:\/\/www.liora-design.ch\/wp-content\/uploads\/skynest-93x58.jpg 93w, https:\/\/www.liora-design.ch\/wp-content\/uploads\/skynest-36x22.jpg 36w, https:\/\/www.liora-design.ch\/wp-content\/uploads\/skynest-48x30.jpg 48w, https:\/\/www.liora-design.ch\/wp-content\/uploads\/skynest.jpg 1080w\" sizes=\"(max-width: 800px) 100vw, 800px\" \/>\t\t\t\t\t\t\t\t\t\t\t\t\t\t\t<\/div>\n\t\t\t\t<\/div>\n\t\t\t\t\t<\/div>\n\t\t<\/div>\n\t\t\t\t<div class=\"elementor-column elementor-col-50 elementor-top-column elementor-element elementor-element-6b26ada\" data-id=\"6b26ada\" data-element_type=\"column\" data-e-type=\"column\">\n\t\t\t<div class=\"elementor-widget-wrap elementor-element-populated\">\n\t\t\t\t\t\t<div class=\"elementor-element elementor-element-18bba23 elementor-widget elementor-widget-text-editor\" data-id=\"18bba23\" data-element_type=\"widget\" data-e-type=\"widget\" data-widget_type=\"text-editor.default\">\n\t\t\t\t<div class=\"elementor-widget-container\">\n\t\t\t\t\t\t\t\t\t<h4>Skynest : tradition du tissage et innovation<\/h4><p>Une nouvelle solution d&rsquo;\u00e9clairage po\u00e9tique de Marcel Wanders. La nouvelle suspension Skynest marque le retour de Marcel Wanders au th\u00e8me de la suspension, d\u00e9j\u00e0 explor\u00e9 avec son best-seller Skygarden. Le nom \u00e9voque ce pr\u00e9c\u00e9dent chef-d&rsquo;\u0153uvre et sugg\u00e8re un nid de lumi\u00e8re suspendu dans le ciel, le luminaire lui-m\u00eame \u00e9tant une unit\u00e9 fascinante d&rsquo;artisanat traditionnel et de technologie de pointe.<\/p><p><a class=\"btn-secondary\" href=\"https:\/\/professional.flos.com\/fr\/global\/stories\/stories-skynest\/\" target=\"_blank\" rel=\"noopener\">LIRE LA SUITE<\/a><\/p>\t\t\t\t\t\t\t\t<\/div>\n\t\t\t\t<\/div>\n\t\t\t\t\t<\/div>\n\t\t<\/div>\n\t\t\t\t\t<\/div>\n\t\t<\/section>\n\t\t\t\t<section class=\"elementor-section elementor-top-section elementor-element elementor-element-50e26a9 inspiration-ovl inspiration-ovl2 elementor-section-boxed elementor-section-height-default elementor-section-height-default\" data-id=\"50e26a9\" data-element_type=\"section\" data-e-type=\"section\">\n\t\t\t\t\t\t<div class=\"elementor-container elementor-column-gap-default\">\n\t\t\t\t\t<div class=\"elementor-column elementor-col-50 elementor-top-column elementor-element elementor-element-918ed67\" data-id=\"918ed67\" data-element_type=\"column\" data-e-type=\"column\">\n\t\t\t<div class=\"elementor-widget-wrap elementor-element-populated\">\n\t\t\t\t\t\t<div class=\"elementor-element elementor-element-104cca8 elementor-widget elementor-widget-image\" data-id=\"104cca8\" data-element_type=\"widget\" data-e-type=\"widget\" data-widget_type=\"image.default\">\n\t\t\t\t<div class=\"elementor-widget-container\">\n\t\t\t\t\t\t\t\t\t\t\t\t\t\t\t<img loading=\"lazy\" decoding=\"async\" width=\"800\" height=\"498\" src=\"https:\/\/www.liora-design.ch\/wp-content\/uploads\/dialog-1024x637.jpg\" class=\"attachment-large size-large wp-image-667\" alt=\"\" srcset=\"https:\/\/www.liora-design.ch\/wp-content\/uploads\/dialog-1024x637.jpg 1024w, https:\/\/www.liora-design.ch\/wp-content\/uploads\/dialog-300x187.jpg 300w, https:\/\/www.liora-design.ch\/wp-content\/uploads\/dialog-768x478.jpg 768w, https:\/\/www.liora-design.ch\/wp-content\/uploads\/dialog-93x58.jpg 93w, https:\/\/www.liora-design.ch\/wp-content\/uploads\/dialog-36x22.jpg 36w, https:\/\/www.liora-design.ch\/wp-content\/uploads\/dialog-48x30.jpg 48w, https:\/\/www.liora-design.ch\/wp-content\/uploads\/dialog.jpg 1080w\" sizes=\"(max-width: 800px) 100vw, 800px\" \/>\t\t\t\t\t\t\t\t\t\t\t\t\t\t\t<\/div>\n\t\t\t\t<\/div>\n\t\t\t\t\t<\/div>\n\t\t<\/div>\n\t\t\t\t<div class=\"elementor-column elementor-col-50 elementor-top-column elementor-element elementor-element-437c358\" data-id=\"437c358\" data-element_type=\"column\" data-e-type=\"column\">\n\t\t\t<div class=\"elementor-widget-wrap elementor-element-populated\">\n\t\t\t\t\t\t<div class=\"elementor-element elementor-element-69a20d4 elementor-widget elementor-widget-text-editor\" data-id=\"69a20d4\" data-element_type=\"widget\" data-e-type=\"widget\" data-widget_type=\"text-editor.default\">\n\t\t\t\t<div class=\"elementor-widget-container\">\n\t\t\t\t\t\t\t\t\t<h4>Un dialogue avec l&rsquo;architecture et la cr\u00e9ation d&rsquo;une atmosph\u00e8re.<\/h4><p>Une passion pour la lumi\u00e8re. L&rsquo;artisanat combin\u00e9 au savoir-faire. Autour du design et de la lumi\u00e8re. Soutien pour les produits sur mesure et les solutions sp\u00e9cifiques aux clients.<\/p><p><a class=\"btn-secondary\" href=\"https:\/\/professional.flos.com\/fr\/global\/stories\/stories-bouroullecs-lighting-project-for-the-bourse-de-commerce-pinault\/\" target=\"_blank\" rel=\"noopener\">LIRE LA SUITE<\/a><\/p>\t\t\t\t\t\t\t\t<\/div>\n\t\t\t\t<\/div>\n\t\t\t\t\t<\/div>\n\t\t<\/div>\n\t\t\t\t\t<\/div>\n\t\t<\/section>\n\t\t\t\t<section class=\"elementor-section elementor-top-section elementor-element elementor-element-961dc59 fachbereich-download elementor-section-boxed elementor-section-height-default elementor-section-height-default\" data-id=\"961dc59\" data-element_type=\"section\" data-e-type=\"section\">\n\t\t\t\t\t\t<div class=\"elementor-container elementor-column-gap-default\">\n\t\t\t\t\t<div class=\"elementor-column elementor-col-100 elementor-top-column elementor-element elementor-element-05fa739\" data-id=\"05fa739\" data-element_type=\"column\" data-e-type=\"column\">\n\t\t\t<div class=\"elementor-widget-wrap elementor-element-populated\">\n\t\t\t\t\t\t<div class=\"elementor-element elementor-element-ab4c78d elementor-widget elementor-widget-text-editor\" data-id=\"ab4c78d\" data-element_type=\"widget\" data-e-type=\"widget\" data-widget_type=\"text-editor.default\">\n\t\t\t\t<div class=\"elementor-widget-container\">\n\t\t\t\t\t\t\t\t\t<h2>T\u00e9l\u00e9chargements pour le commerce sp\u00e9cialis\u00e9.<\/h2>\t\t\t\t\t\t\t\t<\/div>\n\t\t\t\t<\/div>\n\t\t\t\t<section class=\"elementor-section elementor-inner-section elementor-element elementor-element-8c1b439 elementor-section-boxed elementor-section-height-default elementor-section-height-default\" data-id=\"8c1b439\" data-element_type=\"section\" data-e-type=\"section\">\n\t\t\t\t\t\t<div class=\"elementor-container elementor-column-gap-default\">\n\t\t\t\t\t<div class=\"elementor-column elementor-col-50 elementor-inner-column elementor-element elementor-element-145ac33\" data-id=\"145ac33\" data-element_type=\"column\" data-e-type=\"column\">\n\t\t\t<div class=\"elementor-widget-wrap elementor-element-populated\">\n\t\t\t\t\t\t<div class=\"elementor-element elementor-element-8a280bd elementor-widget elementor-widget-text-editor\" data-id=\"8a280bd\" data-element_type=\"widget\" data-e-type=\"widget\" data-widget_type=\"text-editor.default\">\n\t\t\t\t<div class=\"elementor-widget-container\">\n\t\t\t\t\t\t\t\t\t<p>D&rsquo;autres informations pour nos partenaires sp\u00e9cialis\u00e9s sont \u00e9galement disponibles dans la rubrique T\u00e9l\u00e9chargements. T\u00e9l\u00e9chargez \u00e0 tout moment les documents qui vous conviennent !<\/p>\t\t\t\t\t\t\t\t<\/div>\n\t\t\t\t<\/div>\n\t\t\t\t\t<\/div>\n\t\t<\/div>\n\t\t\t\t<div class=\"elementor-column elementor-col-50 elementor-inner-column elementor-element elementor-element-57634e1\" data-id=\"57634e1\" data-element_type=\"column\" data-e-type=\"column\">\n\t\t\t<div class=\"elementor-widget-wrap elementor-element-populated\">\n\t\t\t\t\t\t<div class=\"elementor-element elementor-element-cdd980d elementor-widget elementor-widget-html\" data-id=\"cdd980d\" data-element_type=\"widget\" data-e-type=\"widget\" data-widget_type=\"html.default\">\n\t\t\t\t<div class=\"elementor-widget-container\">\n\t\t\t\t\t<div style=\"isolation: isolate;\"><a href=\"\/fr\/downloads\/\"><button class=\"btn-primary\">Downloads<\/button><\/a><\/div>    \t\t\t\t<\/div>\n\t\t\t\t<\/div>\n\t\t\t\t\t<\/div>\n\t\t<\/div>\n\t\t\t\t\t<\/div>\n\t\t<\/section>\n\t\t\t\t\t<\/div>\n\t\t<\/div>\n\t\t\t\t\t<\/div>\n\t\t<\/section>\n\t\t\t\t<\/div>\n\t\t","protected":false},"excerpt":{"rendered":"<p>Retail. Nos partenaires professionnels s\u00e9lectifs sont actifs dans le domaine de l&rsquo;\u00e9clairage, du design et du mobilier. Ils repr\u00e9sentent FLOS, mettent en sc\u00e8ne les nouveaut\u00e9s ainsi que les ic\u00f4nes du design dans leurs showrooms. News. Inspiration Skynest : tradition du tissage et innovation Une nouvelle solution d&rsquo;\u00e9clairage po\u00e9tique de Marcel Wanders. La nouvelle suspension Skynest [&hellip;]<\/p>\n","protected":false},"author":1,"featured_media":0,"parent":1009,"menu_order":10,"comment_status":"closed","ping_status":"closed","template":"","meta":{"_acf_changed":false,"inline_featured_image":false,"footnotes":""},"class_list":["post-1027","page","type-page","status-publish","hentry"],"acf":[],"yoast_head":"<title>Retail - liora design<\/title>\n<meta name=\"description\" content=\"Nos partenaires sp\u00e9cialis\u00e9s se composent de revendeurs sp\u00e9cialis\u00e9s dans le domaine du design, de l\u2019\u00e9clairage et du mobilier.\" \/>\n<meta name=\"robots\" content=\"index, follow, max-snippet:-1, max-image-preview:large, max-video-preview:-1\" \/>\n<meta property=\"og:locale\" content=\"fr_FR\" \/>\n<meta property=\"og:type\" content=\"article\" \/>\n<meta property=\"og:title\" content=\"Retail - liora design\" \/>\n<meta property=\"og:description\" content=\"Nos partenaires sp\u00e9cialis\u00e9s se composent de revendeurs sp\u00e9cialis\u00e9s dans le domaine du design, de l\u2019\u00e9clairage et du mobilier.\" \/>\n<meta property=\"og:url\" content=\"https:\/\/www.liora-design.ch\/fr\/domaines-de-competence\/retail\/\" \/>\n<meta property=\"og:site_name\" content=\"liora design\" \/>\n<meta property=\"article:modified_time\" content=\"2023-08-18T10:46:23+00:00\" \/>\n<meta property=\"og:image\" content=\"https:\/\/www.liora-design.ch\/wp-content\/uploads\/fachhandel.jpg\" \/>\n<meta name=\"twitter:card\" content=\"summary_large_image\" \/>\n<meta name=\"twitter:label1\" content=\"Dur\u00e9e de lecture estim\u00e9e\" \/>\n\t<meta name=\"twitter:data1\" content=\"2 minutes\" \/>\n<script type=\"application\/ld+json\" class=\"yoast-schema-graph\">{\"@context\":\"https:\/\/schema.org\",\"@graph\":[{\"@type\":\"WebPage\",\"@id\":\"https:\/\/www.liora-design.ch\/fr\/domaines-de-competence\/retail\/\",\"url\":\"https:\/\/www.liora-design.ch\/fr\/domaines-de-competence\/retail\/\",\"name\":\"Retail - liora design\",\"isPartOf\":{\"@id\":\"https:\/\/www.liora-design.ch\/fr\/#website\"},\"primaryImageOfPage\":{\"@id\":\"https:\/\/www.liora-design.ch\/fr\/domaines-de-competence\/retail\/#primaryimage\"},\"image\":{\"@id\":\"https:\/\/www.liora-design.ch\/fr\/domaines-de-competence\/retail\/#primaryimage\"},\"thumbnailUrl\":\"https:\/\/www.liora-design.ch\/wp-content\/uploads\/fachhandel.jpg\",\"datePublished\":\"2023-07-11T15:24:05+00:00\",\"dateModified\":\"2023-08-18T10:46:23+00:00\",\"description\":\"Nos partenaires sp\u00e9cialis\u00e9s se composent de revendeurs sp\u00e9cialis\u00e9s dans le domaine du design, de l\u2019\u00e9clairage et du mobilier.\",\"breadcrumb\":{\"@id\":\"https:\/\/www.liora-design.ch\/fr\/domaines-de-competence\/retail\/#breadcrumb\"},\"inLanguage\":\"fr-FR\",\"potentialAction\":[{\"@type\":\"ReadAction\",\"target\":[\"https:\/\/www.liora-design.ch\/fr\/domaines-de-competence\/retail\/\"]}]},{\"@type\":\"ImageObject\",\"inLanguage\":\"fr-FR\",\"@id\":\"https:\/\/www.liora-design.ch\/fr\/domaines-de-competence\/retail\/#primaryimage\",\"url\":\"https:\/\/www.liora-design.ch\/wp-content\/uploads\/fachhandel.jpg\",\"contentUrl\":\"https:\/\/www.liora-design.ch\/wp-content\/uploads\/fachhandel.jpg\"},{\"@type\":\"BreadcrumbList\",\"@id\":\"https:\/\/www.liora-design.ch\/fr\/domaines-de-competence\/retail\/#breadcrumb\",\"itemListElement\":[{\"@type\":\"ListItem\",\"position\":1,\"name\":\"Startseite\",\"item\":\"https:\/\/www.liora-design.ch\/fr\/\"},{\"@type\":\"ListItem\",\"position\":2,\"name\":\"Domaines de comp\u00e9tence\",\"item\":\"https:\/\/www.liora-design.ch\/fr\/domaines-de-competence\/\"},{\"@type\":\"ListItem\",\"position\":3,\"name\":\"Retail\"}]},{\"@type\":\"WebSite\",\"@id\":\"https:\/\/www.liora-design.ch\/fr\/#website\",\"url\":\"https:\/\/www.liora-design.ch\/fr\/\",\"name\":\"liora design\",\"description\":\"\",\"potentialAction\":[{\"@type\":\"SearchAction\",\"target\":{\"@type\":\"EntryPoint\",\"urlTemplate\":\"https:\/\/www.liora-design.ch\/fr\/?s={search_term_string}\"},\"query-input\":{\"@type\":\"PropertyValueSpecification\",\"valueRequired\":true,\"valueName\":\"search_term_string\"}}],\"inLanguage\":\"fr-FR\"}]}<\/script>","yoast_head_json":{"title":"Retail - liora design","description":"Nos partenaires sp\u00e9cialis\u00e9s se composent de revendeurs sp\u00e9cialis\u00e9s dans le domaine du design, de l\u2019\u00e9clairage et du mobilier.","robots":{"index":"index","follow":"follow","max-snippet":"max-snippet:-1","max-image-preview":"max-image-preview:large","max-video-preview":"max-video-preview:-1"},"og_locale":"fr_FR","og_type":"article","og_title":"Retail - liora design","og_description":"Nos partenaires sp\u00e9cialis\u00e9s se composent de revendeurs sp\u00e9cialis\u00e9s dans le domaine du design, de l\u2019\u00e9clairage et du mobilier.","og_url":"https:\/\/www.liora-design.ch\/fr\/domaines-de-competence\/retail\/","og_site_name":"liora design","article_modified_time":"2023-08-18T10:46:23+00:00","og_image":[{"url":"https:\/\/www.liora-design.ch\/wp-content\/uploads\/fachhandel.jpg","type":"","width":"","height":""}],"twitter_card":"summary_large_image","twitter_misc":{"Dur\u00e9e de lecture estim\u00e9e":"2 minutes"},"schema":{"@context":"https:\/\/schema.org","@graph":[{"@type":"WebPage","@id":"https:\/\/www.liora-design.ch\/fr\/domaines-de-competence\/retail\/","url":"https:\/\/www.liora-design.ch\/fr\/domaines-de-competence\/retail\/","name":"Retail - liora design","isPartOf":{"@id":"https:\/\/www.liora-design.ch\/fr\/#website"},"primaryImageOfPage":{"@id":"https:\/\/www.liora-design.ch\/fr\/domaines-de-competence\/retail\/#primaryimage"},"image":{"@id":"https:\/\/www.liora-design.ch\/fr\/domaines-de-competence\/retail\/#primaryimage"},"thumbnailUrl":"https:\/\/www.liora-design.ch\/wp-content\/uploads\/fachhandel.jpg","datePublished":"2023-07-11T15:24:05+00:00","dateModified":"2023-08-18T10:46:23+00:00","description":"Nos partenaires sp\u00e9cialis\u00e9s se composent de revendeurs sp\u00e9cialis\u00e9s dans le domaine du design, de l\u2019\u00e9clairage et du mobilier.","breadcrumb":{"@id":"https:\/\/www.liora-design.ch\/fr\/domaines-de-competence\/retail\/#breadcrumb"},"inLanguage":"fr-FR","potentialAction":[{"@type":"ReadAction","target":["https:\/\/www.liora-design.ch\/fr\/domaines-de-competence\/retail\/"]}]},{"@type":"ImageObject","inLanguage":"fr-FR","@id":"https:\/\/www.liora-design.ch\/fr\/domaines-de-competence\/retail\/#primaryimage","url":"https:\/\/www.liora-design.ch\/wp-content\/uploads\/fachhandel.jpg","contentUrl":"https:\/\/www.liora-design.ch\/wp-content\/uploads\/fachhandel.jpg"},{"@type":"BreadcrumbList","@id":"https:\/\/www.liora-design.ch\/fr\/domaines-de-competence\/retail\/#breadcrumb","itemListElement":[{"@type":"ListItem","position":1,"name":"Startseite","item":"https:\/\/www.liora-design.ch\/fr\/"},{"@type":"ListItem","position":2,"name":"Domaines de comp\u00e9tence","item":"https:\/\/www.liora-design.ch\/fr\/domaines-de-competence\/"},{"@type":"ListItem","position":3,"name":"Retail"}]},{"@type":"WebSite","@id":"https:\/\/www.liora-design.ch\/fr\/#website","url":"https:\/\/www.liora-design.ch\/fr\/","name":"liora design","description":"","potentialAction":[{"@type":"SearchAction","target":{"@type":"EntryPoint","urlTemplate":"https:\/\/www.liora-design.ch\/fr\/?s={search_term_string}"},"query-input":{"@type":"PropertyValueSpecification","valueRequired":true,"valueName":"search_term_string"}}],"inLanguage":"fr-FR"}]}},"_links":{"self":[{"href":"https:\/\/www.liora-design.ch\/fr\/wp-json\/wp\/v2\/pages\/1027","targetHints":{"allow":["GET"]}}],"collection":[{"href":"https:\/\/www.liora-design.ch\/fr\/wp-json\/wp\/v2\/pages"}],"about":[{"href":"https:\/\/www.liora-design.ch\/fr\/wp-json\/wp\/v2\/types\/page"}],"author":[{"embeddable":true,"href":"https:\/\/www.liora-design.ch\/fr\/wp-json\/wp\/v2\/users\/1"}],"replies":[{"embeddable":true,"href":"https:\/\/www.liora-design.ch\/fr\/wp-json\/wp\/v2\/comments?post=1027"}],"version-history":[{"count":8,"href":"https:\/\/www.liora-design.ch\/fr\/wp-json\/wp\/v2\/pages\/1027\/revisions"}],"predecessor-version":[{"id":1191,"href":"https:\/\/www.liora-design.ch\/fr\/wp-json\/wp\/v2\/pages\/1027\/revisions\/1191"}],"up":[{"embeddable":true,"href":"https:\/\/www.liora-design.ch\/fr\/wp-json\/wp\/v2\/pages\/1009"}],"wp:attachment":[{"href":"https:\/\/www.liora-design.ch\/fr\/wp-json\/wp\/v2\/media?parent=1027"}],"curies":[{"name":"wp","href":"https:\/\/api.w.org\/{rel}","templated":true}]}}