{"id":1012,"date":"2023-07-11T17:23:37","date_gmt":"2023-07-11T15:23:37","guid":{"rendered":"https:\/\/www.liora-design.ch\/ueber-uns\/"},"modified":"2023-08-18T09:33:19","modified_gmt":"2023-08-18T07:33:19","slug":"a-notre-sujet","status":"publish","type":"page","link":"https:\/\/www.liora-design.ch\/fr\/a-notre-sujet\/","title":{"rendered":"\u00c0 notre sujet"},"content":{"rendered":"\t\t<div data-elementor-type=\"wp-page\" data-elementor-id=\"1012\" class=\"elementor elementor-1012 elementor-30\">\n\t\t\t\t\t\t<section class=\"elementor-section elementor-top-section elementor-element elementor-element-02130bb about2col elementor-section-boxed elementor-section-height-default elementor-section-height-default\" data-id=\"02130bb\" data-element_type=\"section\" data-e-type=\"section\">\n\t\t\t\t\t\t<div class=\"elementor-container elementor-column-gap-default\">\n\t\t\t\t\t<div class=\"elementor-column elementor-col-100 elementor-top-column elementor-element elementor-element-bd313bf\" data-id=\"bd313bf\" data-element_type=\"column\" data-e-type=\"column\">\n\t\t\t<div class=\"elementor-widget-wrap elementor-element-populated\">\n\t\t\t\t\t\t<section class=\"elementor-section elementor-inner-section elementor-element elementor-element-5df6960 elementor-section-content-middle about2col-inner elementor-section-boxed elementor-section-height-default elementor-section-height-default\" data-id=\"5df6960\" data-element_type=\"section\" data-e-type=\"section\">\n\t\t\t\t\t\t<div class=\"elementor-container elementor-column-gap-default\">\n\t\t\t\t\t<div class=\"elementor-column elementor-col-50 elementor-inner-column elementor-element elementor-element-e7d4a49 about2col-col1\" data-id=\"e7d4a49\" data-element_type=\"column\" data-e-type=\"column\">\n\t\t\t<div class=\"elementor-widget-wrap elementor-element-populated\">\n\t\t\t\t\t\t<div class=\"elementor-element elementor-element-8a2000b lioraimg elementor-widget elementor-widget-image\" data-id=\"8a2000b\" data-element_type=\"widget\" data-e-type=\"widget\" data-widget_type=\"image.default\">\n\t\t\t\t<div class=\"elementor-widget-container\">\n\t\t\t\t\t\t\t\t\t\t\t\t\t\t\t<img fetchpriority=\"high\" decoding=\"async\" width=\"332\" height=\"200\" src=\"https:\/\/www.liora-design.ch\/wp-content\/uploads\/liora-white-big.png\" class=\"attachment-full size-full wp-image-675\" alt=\"\" srcset=\"https:\/\/www.liora-design.ch\/wp-content\/uploads\/liora-white-big.png 332w, https:\/\/www.liora-design.ch\/wp-content\/uploads\/liora-white-big-300x181.png 300w, https:\/\/www.liora-design.ch\/wp-content\/uploads\/liora-white-big-96x58.png 96w, https:\/\/www.liora-design.ch\/wp-content\/uploads\/liora-white-big-36x22.png 36w, https:\/\/www.liora-design.ch\/wp-content\/uploads\/liora-white-big-48x29.png 48w\" sizes=\"(max-width: 332px) 100vw, 332px\" \/>\t\t\t\t\t\t\t\t\t\t\t\t\t\t\t<\/div>\n\t\t\t\t<\/div>\n\t\t\t\t<div class=\"elementor-element elementor-element-f509a1c flosimg elementor-widget elementor-widget-image\" data-id=\"f509a1c\" data-element_type=\"widget\" data-e-type=\"widget\" data-widget_type=\"image.default\">\n\t\t\t\t<div class=\"elementor-widget-container\">\n\t\t\t\t\t\t\t\t\t\t\t\t\t\t\t<img decoding=\"async\" width=\"1\" height=\"1\" src=\"https:\/\/www.liora-design.ch\/wp-content\/uploads\/flos-suisse-white.svg\" class=\"attachment-full size-full wp-image-956\" alt=\"\" \/>\t\t\t\t\t\t\t\t\t\t\t\t\t\t\t<\/div>\n\t\t\t\t<\/div>\n\t\t\t\t\t<\/div>\n\t\t<\/div>\n\t\t\t\t<div class=\"elementor-column elementor-col-50 elementor-inner-column elementor-element elementor-element-f531c36 about2col-col2\" data-id=\"f531c36\" data-element_type=\"column\" data-e-type=\"column\">\n\t\t\t<div class=\"elementor-widget-wrap elementor-element-populated\">\n\t\t\t\t\t\t<div class=\"elementor-element elementor-element-2582f33 elementor-widget elementor-widget-text-editor\" data-id=\"2582f33\" data-element_type=\"widget\" data-e-type=\"widget\" data-widget_type=\"text-editor.default\">\n\t\t\t\t<div class=\"elementor-widget-container\">\n\t\t\t\t\t\t\t\t\t<h2>Voil\u00e0 ce que nous sommes.<\/h2><p>L&rsquo;agence pour toute la gamme Flos en Suisse et au Liechtenstein. Nous associons avec passion le design, la lumi\u00e8re, l&rsquo;architecture et la technique. Misez sur notre expertise et notre savoir-faire.<\/p>\t\t\t\t\t\t\t\t<\/div>\n\t\t\t\t<\/div>\n\t\t\t\t<div class=\"elementor-element elementor-element-4045ce1 elementor-widget elementor-widget-html\" data-id=\"4045ce1\" data-element_type=\"widget\" data-e-type=\"widget\" data-widget_type=\"html.default\">\n\t\t\t\t<div class=\"elementor-widget-container\">\n\t\t\t\t\t<div style=\"isolation: isolate;\">\n    <a href=\"\/fr\/CONTACT\/\"><button class=\"btn-primary\">CONTACT<\/button><\/a>\n   <\/div>\t\t\t\t<\/div>\n\t\t\t\t<\/div>\n\t\t\t\t\t<\/div>\n\t\t<\/div>\n\t\t\t\t\t<\/div>\n\t\t<\/section>\n\t\t\t\t\t<\/div>\n\t\t<\/div>\n\t\t\t\t\t<\/div>\n\t\t<\/section>\n\t\t\t\t<section class=\"elementor-section elementor-top-section elementor-element elementor-element-0eae0b4 elementor-section-boxed elementor-section-height-default elementor-section-height-default\" data-id=\"0eae0b4\" data-element_type=\"section\" data-e-type=\"section\" id=\"passion\">\n\t\t\t\t\t\t<div class=\"elementor-container elementor-column-gap-default\">\n\t\t\t\t\t<div class=\"elementor-column elementor-col-100 elementor-top-column elementor-element elementor-element-21c50a3\" data-id=\"21c50a3\" data-element_type=\"column\" data-e-type=\"column\">\n\t\t\t<div class=\"elementor-widget-wrap elementor-element-populated\">\n\t\t\t\t\t\t<div class=\"elementor-element elementor-element-010152c elementor-widget elementor-widget-text-editor\" data-id=\"010152c\" data-element_type=\"widget\" data-e-type=\"widget\" data-widget_type=\"text-editor.default\">\n\t\t\t\t<div class=\"elementor-widget-container\">\n\t\t\t\t\t\t\t\t\t<h2>Passion pour l&rsquo;\u00e9clairage et le design.<\/h2>\t\t\t\t\t\t\t\t<\/div>\n\t\t\t\t<\/div>\n\t\t\t\t<section class=\"elementor-section elementor-inner-section elementor-element elementor-element-d6ad907 passion-inner elementor-section-boxed elementor-section-height-default elementor-section-height-default\" data-id=\"d6ad907\" data-element_type=\"section\" data-e-type=\"section\">\n\t\t\t\t\t\t<div class=\"elementor-container elementor-column-gap-custom\">\n\t\t\t\t\t<div class=\"elementor-column elementor-col-25 elementor-inner-column elementor-element elementor-element-ac5b5b4\" data-id=\"ac5b5b4\" data-element_type=\"column\" data-e-type=\"column\">\n\t\t\t<div class=\"elementor-widget-wrap\">\n\t\t\t\t\t\t\t<\/div>\n\t\t<\/div>\n\t\t\t\t<div class=\"elementor-column elementor-col-25 elementor-inner-column elementor-element elementor-element-ede2c00 mb100 innericon\" data-id=\"ede2c00\" data-element_type=\"column\" data-e-type=\"column\">\n\t\t\t<div class=\"elementor-widget-wrap elementor-element-populated\">\n\t\t\t\t\t\t<div class=\"elementor-element elementor-element-75ac6b4 elementor-widget elementor-widget-text-editor\" data-id=\"75ac6b4\" data-element_type=\"widget\" data-e-type=\"widget\" data-widget_type=\"text-editor.default\">\n\t\t\t\t<div class=\"elementor-widget-container\">\n\t\t\t\t\t\t\t\t\t<p><img decoding=\"async\" class=\"aligncenter size-large wp-image-794\" src=\"https:\/\/www.liora-design.ch\/wp-content\/uploads\/lichthistorie.svg\" alt=\"\" width=\"126\" height=\"126\" \/><\/p><div>40 ans<\/div><div>d&rsquo;exp\u00e9rience dans l&rsquo;\u00e9clairage<\/div>\t\t\t\t\t\t\t\t<\/div>\n\t\t\t\t<\/div>\n\t\t\t\t\t<\/div>\n\t\t<\/div>\n\t\t\t\t<div class=\"elementor-column elementor-col-25 elementor-inner-column elementor-element elementor-element-41b46dc innericon\" data-id=\"41b46dc\" data-element_type=\"column\" data-e-type=\"column\">\n\t\t\t<div class=\"elementor-widget-wrap elementor-element-populated\">\n\t\t\t\t\t\t<div class=\"elementor-element elementor-element-3f627af elementor-widget elementor-widget-text-editor\" data-id=\"3f627af\" data-element_type=\"widget\" data-e-type=\"widget\" data-widget_type=\"text-editor.default\">\n\t\t\t\t<div class=\"elementor-widget-container\">\n\t\t\t\t\t\t\t\t\t<p><img loading=\"lazy\" decoding=\"async\" class=\"aligncenter size-large wp-image-799\" src=\"https:\/\/www.liora-design.ch\/wp-content\/uploads\/sonderloesungen.svg\" alt=\"\" width=\"126\" height=\"126\" \/><\/p><p>Sp\u00e9cialis\u00e9 aussi bien dans le design que dans l&rsquo;\u00e9clairage architectural, compl\u00e9t\u00e9 par des solutions sp\u00e9ciales<\/p>\t\t\t\t\t\t\t\t<\/div>\n\t\t\t\t<\/div>\n\t\t\t\t\t<\/div>\n\t\t<\/div>\n\t\t\t\t<div class=\"elementor-column elementor-col-25 elementor-inner-column elementor-element elementor-element-5e1a101\" data-id=\"5e1a101\" data-element_type=\"column\" data-e-type=\"column\">\n\t\t\t<div class=\"elementor-widget-wrap\">\n\t\t\t\t\t\t\t<\/div>\n\t\t<\/div>\n\t\t\t\t\t<\/div>\n\t\t<\/section>\n\t\t\t\t<section class=\"elementor-section elementor-inner-section elementor-element elementor-element-3373cbd passion-inner passion-inner-row2 elementor-section-boxed elementor-section-height-default elementor-section-height-default\" data-id=\"3373cbd\" data-element_type=\"section\" data-e-type=\"section\">\n\t\t\t\t\t\t<div class=\"elementor-container elementor-column-gap-custom\">\n\t\t\t\t\t<div class=\"elementor-column elementor-col-25 elementor-inner-column elementor-element elementor-element-fe5e676\" data-id=\"fe5e676\" data-element_type=\"column\" data-e-type=\"column\">\n\t\t\t<div class=\"elementor-widget-wrap\">\n\t\t\t\t\t\t\t<\/div>\n\t\t<\/div>\n\t\t\t\t<div class=\"elementor-column elementor-col-25 elementor-inner-column elementor-element elementor-element-4172171 mb100 innericon\" data-id=\"4172171\" data-element_type=\"column\" data-e-type=\"column\">\n\t\t\t<div class=\"elementor-widget-wrap elementor-element-populated\">\n\t\t\t\t\t\t<div class=\"elementor-element elementor-element-1e548c1 elementor-widget elementor-widget-text-editor\" data-id=\"1e548c1\" data-element_type=\"widget\" data-e-type=\"widget\" data-widget_type=\"text-editor.default\">\n\t\t\t\t<div class=\"elementor-widget-container\">\n\t\t\t\t\t\t\t\t\t<p><img loading=\"lazy\" decoding=\"async\" class=\"aligncenter size-full wp-image-801\" src=\"https:\/\/www.liora-design.ch\/wp-content\/uploads\/beleuchtungsthemen.svg\" alt=\"\" width=\"126\" height=\"126\" \/><\/p><p>Nous soutenons volontiers nos partenaires dans tous les domaines de l&rsquo;\u00e9clairage. Aussi bien nos partenaires sp\u00e9cialis\u00e9s, le commerce de meubles, le commerce d&rsquo;\u00e9clairage, l&rsquo;architecture, le design d&rsquo;\u00e9clairage que les clients finaux.<\/p>\t\t\t\t\t\t\t\t<\/div>\n\t\t\t\t<\/div>\n\t\t\t\t\t<\/div>\n\t\t<\/div>\n\t\t\t\t<div class=\"elementor-column elementor-col-25 elementor-inner-column elementor-element elementor-element-4e48663 innericon\" data-id=\"4e48663\" data-element_type=\"column\" data-e-type=\"column\">\n\t\t\t<div class=\"elementor-widget-wrap elementor-element-populated\">\n\t\t\t\t\t\t<div class=\"elementor-element elementor-element-3d87dd6 elementor-widget elementor-widget-text-editor\" data-id=\"3d87dd6\" data-element_type=\"widget\" data-e-type=\"widget\" data-widget_type=\"text-editor.default\">\n\t\t\t\t<div class=\"elementor-widget-container\">\n\t\t\t\t\t\t\t\t\t<p><img loading=\"lazy\" decoding=\"async\" class=\"aligncenter size-full wp-image-803\" src=\"https:\/\/www.liora-design.ch\/wp-content\/uploads\/liora.svg\" alt=\"\" width=\"126\" height=\"126\" \/><\/p><p>Liora design gmbh est l&rsquo;agence officielle de Flos en Suisse depuis l&rsquo;\u00e9t\u00e9 2023. Nous sommes votre partenaire pour les collections d\u00e9coratives, architecturales et d&rsquo;ext\u00e9rieur.<\/p>\t\t\t\t\t\t\t\t<\/div>\n\t\t\t\t<\/div>\n\t\t\t\t\t<\/div>\n\t\t<\/div>\n\t\t\t\t<div class=\"elementor-column elementor-col-25 elementor-inner-column elementor-element elementor-element-553f209\" data-id=\"553f209\" data-element_type=\"column\" data-e-type=\"column\">\n\t\t\t<div class=\"elementor-widget-wrap\">\n\t\t\t\t\t\t\t<\/div>\n\t\t<\/div>\n\t\t\t\t\t<\/div>\n\t\t<\/section>\n\t\t\t\t\t<\/div>\n\t\t<\/div>\n\t\t\t\t\t<\/div>\n\t\t<\/section>\n\t\t\t\t<section class=\"elementor-section elementor-top-section elementor-element elementor-element-feb1221 elementor-section-boxed elementor-section-height-default elementor-section-height-default\" data-id=\"feb1221\" data-element_type=\"section\" data-e-type=\"section\" id=\"team\">\n\t\t\t\t\t\t<div class=\"elementor-container elementor-column-gap-default\">\n\t\t\t\t\t<div class=\"elementor-column elementor-col-100 elementor-top-column elementor-element elementor-element-b44d46b\" data-id=\"b44d46b\" data-element_type=\"column\" data-e-type=\"column\">\n\t\t\t<div class=\"elementor-widget-wrap elementor-element-populated\">\n\t\t\t\t\t\t<div class=\"elementor-element elementor-element-c0bd945 elementor-widget elementor-widget-text-editor\" data-id=\"c0bd945\" data-element_type=\"widget\" data-e-type=\"widget\" data-widget_type=\"text-editor.default\">\n\t\t\t\t<div class=\"elementor-widget-container\">\n\t\t\t\t\t\t\t\t\t<h2>L&rsquo;\u00e9quipe.<\/h2>\t\t\t\t\t\t\t\t<\/div>\n\t\t\t\t<\/div>\n\t\t\t\t<section class=\"elementor-section elementor-inner-section elementor-element elementor-element-2eff07f team-inner elementor-section-boxed elementor-section-height-default elementor-section-height-default\" data-id=\"2eff07f\" data-element_type=\"section\" data-e-type=\"section\">\n\t\t\t\t\t\t<div class=\"elementor-container elementor-column-gap-custom\">\n\t\t\t\t\t<div class=\"elementor-column elementor-col-25 elementor-inner-column elementor-element elementor-element-63b8d16\" data-id=\"63b8d16\" data-element_type=\"column\" data-e-type=\"column\">\n\t\t\t<div class=\"elementor-widget-wrap\">\n\t\t\t\t\t\t\t<\/div>\n\t\t<\/div>\n\t\t\t\t<div class=\"elementor-column elementor-col-25 elementor-inner-column elementor-element elementor-element-2c40d58 mb100\" data-id=\"2c40d58\" data-element_type=\"column\" data-e-type=\"column\">\n\t\t\t<div class=\"elementor-widget-wrap elementor-element-populated\">\n\t\t\t\t\t\t<div class=\"elementor-element elementor-element-2d9ac16 elementor-widget elementor-widget-text-editor\" data-id=\"2d9ac16\" data-element_type=\"widget\" data-e-type=\"widget\" data-widget_type=\"text-editor.default\">\n\t\t\t\t<div class=\"elementor-widget-container\">\n\t\t\t\t\t\t\t\t\t   <div class=\"teambox\">\n                    <div class=\"teamimg\">\n                        <img decoding=\"async\" src=\"https:\/\/www.liora-design.ch\/wp-content\/uploads\/benjamin-epper-2.png\" class=\"img-fluid\">\n                        <a href=\"https:\/\/www.linkedin.com\/in\/benjaminepper\" target=\"_blank\" rel=\"noopener\"><i class=\"fa-brands fa-linkedin-in\"><\/i><\/a>\n                    <\/div>\n                    <h4>Benjamin Epper<\/h4>\n                    <p>Partner<\/p>\n                    <p><a href=\"mailto:epper@liora-design.ch\">epper@liora-design.ch<\/a><\/p>\n                    <p><a href=\"tel:+41786673704\">+41 78 667 37 04<\/a><\/p>\n                <\/div>\t\t\t\t\t\t\t\t<\/div>\n\t\t\t\t<\/div>\n\t\t\t\t\t<\/div>\n\t\t<\/div>\n\t\t\t\t<div class=\"elementor-column elementor-col-25 elementor-inner-column elementor-element elementor-element-86e0ee5\" data-id=\"86e0ee5\" data-element_type=\"column\" data-e-type=\"column\">\n\t\t\t<div class=\"elementor-widget-wrap elementor-element-populated\">\n\t\t\t\t\t\t<div class=\"elementor-element elementor-element-7606120 elementor-widget elementor-widget-text-editor\" data-id=\"7606120\" data-element_type=\"widget\" data-e-type=\"widget\" data-widget_type=\"text-editor.default\">\n\t\t\t\t<div class=\"elementor-widget-container\">\n\t\t\t\t\t\t\t\t\t   <div class=\"teambox\">\n                    <div class=\"teamimg\">\n                        <img decoding=\"async\" src=\"https:\/\/www.liora-design.ch\/wp-content\/uploads\/Philipp-2.png\" class=\"img-fluid\">\n                        <a href=\"https:\/\/www.linkedin.com\/in\/philipp-f\u00e4ssler-5a1a3bb5\" target=\"_blank\" rel=\"noopener\"><i class=\"fa-brands fa-linkedin-in\"><\/i><\/a>\n                    <\/div>\n                    <h4>Philipp F\u00e4ssler<\/h4>\n                    <p>Partner<\/p>\n                    <p><a href=\"mailto:faessler@liora-design.ch\">faessler@liora-design.ch<\/a><\/p>\n                    <p><a href=\"tel:+41793494612\">+41 79 349 46 12<\/a><\/p>\n                <\/div>\t\t\t\t\t\t\t\t<\/div>\n\t\t\t\t<\/div>\n\t\t\t\t\t<\/div>\n\t\t<\/div>\n\t\t\t\t<div class=\"elementor-column elementor-col-25 elementor-inner-column elementor-element elementor-element-a06a99f\" data-id=\"a06a99f\" data-element_type=\"column\" data-e-type=\"column\">\n\t\t\t<div class=\"elementor-widget-wrap\">\n\t\t\t\t\t\t\t<\/div>\n\t\t<\/div>\n\t\t\t\t\t<\/div>\n\t\t<\/section>\n\t\t\t\t\t<\/div>\n\t\t<\/div>\n\t\t\t\t\t<\/div>\n\t\t<\/section>\n\t\t\t\t<\/div>\n\t\t","protected":false},"excerpt":{"rendered":"<p>Voil\u00e0 ce que nous sommes. L&rsquo;agence pour toute la gamme Flos en Suisse et au Liechtenstein. Nous associons avec passion le design, la lumi\u00e8re, l&rsquo;architecture et la technique. Misez sur notre expertise et notre savoir-faire. CONTACT Passion pour l&rsquo;\u00e9clairage et le design. 40 ansd&rsquo;exp\u00e9rience dans l&rsquo;\u00e9clairage Sp\u00e9cialis\u00e9 aussi bien dans le design que dans l&rsquo;\u00e9clairage [&hellip;]<\/p>\n","protected":false},"author":1,"featured_media":0,"parent":0,"menu_order":20,"comment_status":"closed","ping_status":"closed","template":"","meta":{"_acf_changed":false,"inline_featured_image":false,"footnotes":""},"class_list":["post-1012","page","type-page","status-publish","hentry"],"acf":[],"yoast_head":"<title>\u00c0 notre sujet - liora design<\/title>\n<meta name=\"robots\" content=\"index, follow, max-snippet:-1, max-image-preview:large, max-video-preview:-1\" \/>\n<meta property=\"og:locale\" content=\"fr_FR\" \/>\n<meta property=\"og:type\" content=\"article\" \/>\n<meta property=\"og:title\" content=\"\u00c0 notre sujet - liora design\" \/>\n<meta property=\"og:description\" content=\"Voil\u00e0 ce que nous sommes. L&rsquo;agence pour toute la gamme Flos en Suisse et au Liechtenstein. Nous associons avec passion le design, la lumi\u00e8re, l&rsquo;architecture et la technique. Misez sur notre expertise et notre savoir-faire. CONTACT Passion pour l&rsquo;\u00e9clairage et le design. 40 ansd&rsquo;exp\u00e9rience dans l&rsquo;\u00e9clairage Sp\u00e9cialis\u00e9 aussi bien dans le design que dans l&rsquo;\u00e9clairage [&hellip;]\" \/>\n<meta property=\"og:url\" content=\"https:\/\/www.liora-design.ch\/fr\/a-notre-sujet\/\" \/>\n<meta property=\"og:site_name\" content=\"liora design\" \/>\n<meta property=\"article:modified_time\" content=\"2023-08-18T07:33:19+00:00\" \/>\n<meta property=\"og:image\" content=\"https:\/\/www.liora-design.ch\/wp-content\/uploads\/liora-white-big.png\" \/>\n<meta name=\"twitter:card\" content=\"summary_large_image\" \/>\n<meta name=\"twitter:label1\" content=\"Dur\u00e9e de lecture estim\u00e9e\" \/>\n\t<meta name=\"twitter:data1\" content=\"3 minutes\" \/>\n<script type=\"application\/ld+json\" class=\"yoast-schema-graph\">{\"@context\":\"https:\/\/schema.org\",\"@graph\":[{\"@type\":\"WebPage\",\"@id\":\"https:\/\/www.liora-design.ch\/fr\/a-notre-sujet\/\",\"url\":\"https:\/\/www.liora-design.ch\/fr\/a-notre-sujet\/\",\"name\":\"\u00c0 notre sujet - liora design\",\"isPartOf\":{\"@id\":\"https:\/\/www.liora-design.ch\/fr\/#website\"},\"primaryImageOfPage\":{\"@id\":\"https:\/\/www.liora-design.ch\/fr\/a-notre-sujet\/#primaryimage\"},\"image\":{\"@id\":\"https:\/\/www.liora-design.ch\/fr\/a-notre-sujet\/#primaryimage\"},\"thumbnailUrl\":\"https:\/\/www.liora-design.ch\/wp-content\/uploads\/liora-white-big.png\",\"datePublished\":\"2023-07-11T15:23:37+00:00\",\"dateModified\":\"2023-08-18T07:33:19+00:00\",\"breadcrumb\":{\"@id\":\"https:\/\/www.liora-design.ch\/fr\/a-notre-sujet\/#breadcrumb\"},\"inLanguage\":\"fr-FR\",\"potentialAction\":[{\"@type\":\"ReadAction\",\"target\":[\"https:\/\/www.liora-design.ch\/fr\/a-notre-sujet\/\"]}]},{\"@type\":\"ImageObject\",\"inLanguage\":\"fr-FR\",\"@id\":\"https:\/\/www.liora-design.ch\/fr\/a-notre-sujet\/#primaryimage\",\"url\":\"https:\/\/www.liora-design.ch\/wp-content\/uploads\/liora-white-big.png\",\"contentUrl\":\"https:\/\/www.liora-design.ch\/wp-content\/uploads\/liora-white-big.png\"},{\"@type\":\"BreadcrumbList\",\"@id\":\"https:\/\/www.liora-design.ch\/fr\/a-notre-sujet\/#breadcrumb\",\"itemListElement\":[{\"@type\":\"ListItem\",\"position\":1,\"name\":\"Startseite\",\"item\":\"https:\/\/www.liora-design.ch\/fr\/\"},{\"@type\":\"ListItem\",\"position\":2,\"name\":\"\u00c0 notre sujet\"}]},{\"@type\":\"WebSite\",\"@id\":\"https:\/\/www.liora-design.ch\/fr\/#website\",\"url\":\"https:\/\/www.liora-design.ch\/fr\/\",\"name\":\"liora design\",\"description\":\"\",\"potentialAction\":[{\"@type\":\"SearchAction\",\"target\":{\"@type\":\"EntryPoint\",\"urlTemplate\":\"https:\/\/www.liora-design.ch\/fr\/?s={search_term_string}\"},\"query-input\":{\"@type\":\"PropertyValueSpecification\",\"valueRequired\":true,\"valueName\":\"search_term_string\"}}],\"inLanguage\":\"fr-FR\"}]}<\/script>","yoast_head_json":{"title":"\u00c0 notre sujet - liora design","robots":{"index":"index","follow":"follow","max-snippet":"max-snippet:-1","max-image-preview":"max-image-preview:large","max-video-preview":"max-video-preview:-1"},"og_locale":"fr_FR","og_type":"article","og_title":"\u00c0 notre sujet - liora design","og_description":"Voil\u00e0 ce que nous sommes. L&rsquo;agence pour toute la gamme Flos en Suisse et au Liechtenstein. Nous associons avec passion le design, la lumi\u00e8re, l&rsquo;architecture et la technique. Misez sur notre expertise et notre savoir-faire. CONTACT Passion pour l&rsquo;\u00e9clairage et le design. 40 ansd&rsquo;exp\u00e9rience dans l&rsquo;\u00e9clairage Sp\u00e9cialis\u00e9 aussi bien dans le design que dans l&rsquo;\u00e9clairage [&hellip;]","og_url":"https:\/\/www.liora-design.ch\/fr\/a-notre-sujet\/","og_site_name":"liora design","article_modified_time":"2023-08-18T07:33:19+00:00","og_image":[{"url":"https:\/\/www.liora-design.ch\/wp-content\/uploads\/liora-white-big.png","type":"","width":"","height":""}],"twitter_card":"summary_large_image","twitter_misc":{"Dur\u00e9e de lecture estim\u00e9e":"3 minutes"},"schema":{"@context":"https:\/\/schema.org","@graph":[{"@type":"WebPage","@id":"https:\/\/www.liora-design.ch\/fr\/a-notre-sujet\/","url":"https:\/\/www.liora-design.ch\/fr\/a-notre-sujet\/","name":"\u00c0 notre sujet - liora design","isPartOf":{"@id":"https:\/\/www.liora-design.ch\/fr\/#website"},"primaryImageOfPage":{"@id":"https:\/\/www.liora-design.ch\/fr\/a-notre-sujet\/#primaryimage"},"image":{"@id":"https:\/\/www.liora-design.ch\/fr\/a-notre-sujet\/#primaryimage"},"thumbnailUrl":"https:\/\/www.liora-design.ch\/wp-content\/uploads\/liora-white-big.png","datePublished":"2023-07-11T15:23:37+00:00","dateModified":"2023-08-18T07:33:19+00:00","breadcrumb":{"@id":"https:\/\/www.liora-design.ch\/fr\/a-notre-sujet\/#breadcrumb"},"inLanguage":"fr-FR","potentialAction":[{"@type":"ReadAction","target":["https:\/\/www.liora-design.ch\/fr\/a-notre-sujet\/"]}]},{"@type":"ImageObject","inLanguage":"fr-FR","@id":"https:\/\/www.liora-design.ch\/fr\/a-notre-sujet\/#primaryimage","url":"https:\/\/www.liora-design.ch\/wp-content\/uploads\/liora-white-big.png","contentUrl":"https:\/\/www.liora-design.ch\/wp-content\/uploads\/liora-white-big.png"},{"@type":"BreadcrumbList","@id":"https:\/\/www.liora-design.ch\/fr\/a-notre-sujet\/#breadcrumb","itemListElement":[{"@type":"ListItem","position":1,"name":"Startseite","item":"https:\/\/www.liora-design.ch\/fr\/"},{"@type":"ListItem","position":2,"name":"\u00c0 notre sujet"}]},{"@type":"WebSite","@id":"https:\/\/www.liora-design.ch\/fr\/#website","url":"https:\/\/www.liora-design.ch\/fr\/","name":"liora design","description":"","potentialAction":[{"@type":"SearchAction","target":{"@type":"EntryPoint","urlTemplate":"https:\/\/www.liora-design.ch\/fr\/?s={search_term_string}"},"query-input":{"@type":"PropertyValueSpecification","valueRequired":true,"valueName":"search_term_string"}}],"inLanguage":"fr-FR"}]}},"_links":{"self":[{"href":"https:\/\/www.liora-design.ch\/fr\/wp-json\/wp\/v2\/pages\/1012","targetHints":{"allow":["GET"]}}],"collection":[{"href":"https:\/\/www.liora-design.ch\/fr\/wp-json\/wp\/v2\/pages"}],"about":[{"href":"https:\/\/www.liora-design.ch\/fr\/wp-json\/wp\/v2\/types\/page"}],"author":[{"embeddable":true,"href":"https:\/\/www.liora-design.ch\/fr\/wp-json\/wp\/v2\/users\/1"}],"replies":[{"embeddable":true,"href":"https:\/\/www.liora-design.ch\/fr\/wp-json\/wp\/v2\/comments?post=1012"}],"version-history":[{"count":8,"href":"https:\/\/www.liora-design.ch\/fr\/wp-json\/wp\/v2\/pages\/1012\/revisions"}],"predecessor-version":[{"id":1170,"href":"https:\/\/www.liora-design.ch\/fr\/wp-json\/wp\/v2\/pages\/1012\/revisions\/1170"}],"wp:attachment":[{"href":"https:\/\/www.liora-design.ch\/fr\/wp-json\/wp\/v2\/media?parent=1012"}],"curies":[{"name":"wp","href":"https:\/\/api.w.org\/{rel}","templated":true}]}}