{"id":1009,"date":"2023-07-11T17:23:52","date_gmt":"2023-07-11T15:23:52","guid":{"rendered":"https:\/\/www.liora-design.ch\/?page_id=1009"},"modified":"2023-08-18T09:36:30","modified_gmt":"2023-08-18T07:36:30","slug":"domaines-de-competence","status":"publish","type":"page","link":"https:\/\/www.liora-design.ch\/fr\/domaines-de-competence\/","title":{"rendered":"Domaines de comp\u00e9tence"},"content":{"rendered":"\t\t<div data-elementor-type=\"wp-page\" data-elementor-id=\"1009\" class=\"elementor elementor-1009 elementor-32\">\n\t\t\t\t\t\t<section class=\"elementor-section elementor-top-section elementor-element elementor-element-d77e23e fachbereiche elementor-section-boxed elementor-section-height-default elementor-section-height-default\" data-id=\"d77e23e\" data-element_type=\"section\" data-e-type=\"section\">\n\t\t\t\t\t\t<div class=\"elementor-container elementor-column-gap-default\">\n\t\t\t\t\t<div class=\"elementor-column elementor-col-100 elementor-top-column elementor-element elementor-element-8c6ea33\" data-id=\"8c6ea33\" data-element_type=\"column\" data-e-type=\"column\">\n\t\t\t<div class=\"elementor-widget-wrap elementor-element-populated\">\n\t\t\t\t\t\t<section class=\"elementor-section elementor-inner-section elementor-element elementor-element-3925129 fachbereiche-inner elementor-section-boxed elementor-section-height-default elementor-section-height-default\" data-id=\"3925129\" data-element_type=\"section\" data-e-type=\"section\">\n\t\t\t\t\t\t<div class=\"elementor-container elementor-column-gap-default\">\n\t\t\t\t\t<div class=\"elementor-column elementor-col-50 elementor-inner-column elementor-element elementor-element-72ed08e fachbereich-dot\" data-id=\"72ed08e\" data-element_type=\"column\" data-e-type=\"column\">\n\t\t\t<div class=\"elementor-widget-wrap elementor-element-populated\">\n\t\t\t\t\t\t<div class=\"elementor-element elementor-element-930b1de elementor-widget elementor-widget-text-editor\" data-id=\"930b1de\" data-element_type=\"widget\" data-e-type=\"widget\" data-widget_type=\"text-editor.default\">\n\t\t\t\t<div class=\"elementor-widget-container\">\n\t\t\t\t\t\t\t\t\t<p style=\"text-align: center;\"><a href=\"https:\/\/www.liora-design.ch\/fr\/domaines-de-competence\/retail\/\">Retail<\/a><\/p>\t\t\t\t\t\t\t\t<\/div>\n\t\t\t\t<\/div>\n\t\t\t\t\t<\/div>\n\t\t<\/div>\n\t\t\t\t<div class=\"elementor-column elementor-col-50 elementor-inner-column elementor-element elementor-element-cb61107 fachbereich-text\" data-id=\"cb61107\" data-element_type=\"column\" data-e-type=\"column\">\n\t\t\t<div class=\"elementor-widget-wrap elementor-element-populated\">\n\t\t\t\t\t\t<div class=\"elementor-element elementor-element-9325432 elementor-widget elementor-widget-text-editor\" data-id=\"9325432\" data-element_type=\"widget\" data-e-type=\"widget\" data-widget_type=\"text-editor.default\">\n\t\t\t\t<div class=\"elementor-widget-container\">\n\t\t\t\t\t\t\t\t\t<h4>R\u00e9seau de revendeurs<\/h4><p>Nos partenaires sp\u00e9cialis\u00e9s se composent de revendeurs sp\u00e9cialis\u00e9s dans le domaine du design, de l&rsquo;\u00e9clairage et du mobilier. Ils repr\u00e9sentent FLOS dans leurs salles d&rsquo;exposition de qualit\u00e9 dans toute la Suisse et au Liechtenstein.<\/p><p><a href=\"https:\/\/professional.flos.com\/fr\/global\/store-locator\/\">Vous trouverez ici un aper\u00e7u actuel.<\/a><\/p><p><a href=\"https:\/\/www.liora-design.ch\/fr\/domaines-de-competence\/retail\/\" rel=\"noopener\"><button class=\"btn-primary\">EN SAVOIR PLUS<\/button><\/a><\/p>\t\t\t\t\t\t\t\t<\/div>\n\t\t\t\t<\/div>\n\t\t\t\t\t<\/div>\n\t\t<\/div>\n\t\t\t\t\t<\/div>\n\t\t<\/section>\n\t\t\t\t\t<\/div>\n\t\t<\/div>\n\t\t\t\t\t<\/div>\n\t\t<\/section>\n\t\t\t\t<section class=\"elementor-section elementor-top-section elementor-element elementor-element-f379ec3 fachbereiche fachbereiche-switch elementor-section-boxed elementor-section-height-default elementor-section-height-default\" data-id=\"f379ec3\" data-element_type=\"section\" data-e-type=\"section\">\n\t\t\t\t\t\t<div class=\"elementor-container elementor-column-gap-default\">\n\t\t\t\t\t<div class=\"elementor-column elementor-col-100 elementor-top-column elementor-element elementor-element-8df1292\" data-id=\"8df1292\" data-element_type=\"column\" data-e-type=\"column\">\n\t\t\t<div class=\"elementor-widget-wrap elementor-element-populated\">\n\t\t\t\t\t\t<section class=\"elementor-section elementor-inner-section elementor-element elementor-element-697c82c fachbereiche-inner elementor-section-boxed elementor-section-height-default elementor-section-height-default\" data-id=\"697c82c\" data-element_type=\"section\" data-e-type=\"section\">\n\t\t\t\t\t\t<div class=\"elementor-container elementor-column-gap-default\">\n\t\t\t\t\t<div class=\"elementor-column elementor-col-50 elementor-inner-column elementor-element elementor-element-4a4bb9e fachbereich-dot\" data-id=\"4a4bb9e\" data-element_type=\"column\" data-e-type=\"column\">\n\t\t\t<div class=\"elementor-widget-wrap elementor-element-populated\">\n\t\t\t\t\t\t<div class=\"elementor-element elementor-element-4d5a4c9 elementor-widget elementor-widget-text-editor\" data-id=\"4d5a4c9\" data-element_type=\"widget\" data-e-type=\"widget\" data-widget_type=\"text-editor.default\">\n\t\t\t\t<div class=\"elementor-widget-container\">\n\t\t\t\t\t\t\t\t\t<p style=\"text-align: center;\"><a href=\"https:\/\/www.liora-design.ch\/fr\/domaines-de-competence\/architecture\/\/\">Architecture<\/a><\/p>\t\t\t\t\t\t\t\t<\/div>\n\t\t\t\t<\/div>\n\t\t\t\t\t<\/div>\n\t\t<\/div>\n\t\t\t\t<div class=\"elementor-column elementor-col-50 elementor-inner-column elementor-element elementor-element-f730cbc fachbereich-text\" data-id=\"f730cbc\" data-element_type=\"column\" data-e-type=\"column\">\n\t\t\t<div class=\"elementor-widget-wrap elementor-element-populated\">\n\t\t\t\t\t\t<div class=\"elementor-element elementor-element-5b4947b elementor-widget elementor-widget-text-editor\" data-id=\"5b4947b\" data-element_type=\"widget\" data-e-type=\"widget\" data-widget_type=\"text-editor.default\">\n\t\t\t\t<div class=\"elementor-widget-container\">\n\t\t\t\t\t\t\t\t\t<h4>Assortiment pour l&rsquo;architecture<\/h4><p>Nous vous soutenons dans tous vos projets d&rsquo;architecture !<\/p><p><a href=\"https:\/\/professional.flos.com\/fr\/global\/\">Besoin d&rsquo;une premi\u00e8re inspiration ?<\/a><\/p><p><a href=\"https:\/\/www.liora-design.ch\/fr\/domaines-de-competence\/architecture\/\"><button class=\"btn-primary\">EN SAVIOR PLUS<\/button><\/a><\/p>\t\t\t\t\t\t\t\t<\/div>\n\t\t\t\t<\/div>\n\t\t\t\t\t<\/div>\n\t\t<\/div>\n\t\t\t\t\t<\/div>\n\t\t<\/section>\n\t\t\t\t\t<\/div>\n\t\t<\/div>\n\t\t\t\t\t<\/div>\n\t\t<\/section>\n\t\t\t\t<section class=\"elementor-section elementor-top-section elementor-element elementor-element-6245267 fachbereiche elementor-section-boxed elementor-section-height-default elementor-section-height-default\" data-id=\"6245267\" data-element_type=\"section\" data-e-type=\"section\">\n\t\t\t\t\t\t<div class=\"elementor-container elementor-column-gap-default\">\n\t\t\t\t\t<div class=\"elementor-column elementor-col-100 elementor-top-column elementor-element elementor-element-074e390\" data-id=\"074e390\" data-element_type=\"column\" data-e-type=\"column\">\n\t\t\t<div class=\"elementor-widget-wrap elementor-element-populated\">\n\t\t\t\t\t\t<section class=\"elementor-section elementor-inner-section elementor-element elementor-element-4219836 fachbereiche-inner elementor-section-boxed elementor-section-height-default elementor-section-height-default\" data-id=\"4219836\" data-element_type=\"section\" data-e-type=\"section\">\n\t\t\t\t\t\t<div class=\"elementor-container elementor-column-gap-default\">\n\t\t\t\t\t<div class=\"elementor-column elementor-col-50 elementor-inner-column elementor-element elementor-element-34aece3 fachbereich-dot\" data-id=\"34aece3\" data-element_type=\"column\" data-e-type=\"column\">\n\t\t\t<div class=\"elementor-widget-wrap elementor-element-populated\">\n\t\t\t\t\t\t<div class=\"elementor-element elementor-element-cdadcd7 elementor-widget elementor-widget-text-editor\" data-id=\"cdadcd7\" data-element_type=\"widget\" data-e-type=\"widget\" data-widget_type=\"text-editor.default\">\n\t\t\t\t<div class=\"elementor-widget-container\">\n\t\t\t\t\t\t\t\t\t<p style=\"text-align: center;\"><a href=\"https:\/\/professional.flos.com\/fr\/global\/store-locator\/\">Client final<\/a><\/p>\t\t\t\t\t\t\t\t<\/div>\n\t\t\t\t<\/div>\n\t\t\t\t\t<\/div>\n\t\t<\/div>\n\t\t\t\t<div class=\"elementor-column elementor-col-50 elementor-inner-column elementor-element elementor-element-7b342ad fachbereich-text\" data-id=\"7b342ad\" data-element_type=\"column\" data-e-type=\"column\">\n\t\t\t<div class=\"elementor-widget-wrap elementor-element-populated\">\n\t\t\t\t\t\t<div class=\"elementor-element elementor-element-e60e839 elementor-widget elementor-widget-text-editor\" data-id=\"e60e839\" data-element_type=\"widget\" data-e-type=\"widget\" data-widget_type=\"text-editor.default\">\n\t\t\t\t<div class=\"elementor-widget-container\">\n\t\t\t\t\t\t\t\t\t<h4>R\u00e9seau de revendeurs<\/h4><p>Nous soutenons volontiers les clients finaux tels que les magasins (B2B), les particuliers et les pouvoirs publics. Pour les clients finaux priv\u00e9s, nous faisons volontiers le \u00ab\u00a0pont\u00a0\u00bb avec nos partenaires sp\u00e9cialis\u00e9s en Suisse, qui vous soutiennent volontiers :<\/p><p><a href=\"https:\/\/professional.flos.com\/fr\/global\/store-locator\/\">Vers les partenaires sp\u00e9cialis\u00e9s<\/a><\/p><p><a href=\"https:\/\/professional.flos.com\/fr\/global\/\" target=\"_blank\" rel=\"noopener\"><button class=\"btn-primary\">EN SAVOIR PLUS<\/button><\/a><\/p>\t\t\t\t\t\t\t\t<\/div>\n\t\t\t\t<\/div>\n\t\t\t\t\t<\/div>\n\t\t<\/div>\n\t\t\t\t\t<\/div>\n\t\t<\/section>\n\t\t\t\t\t<\/div>\n\t\t<\/div>\n\t\t\t\t\t<\/div>\n\t\t<\/section>\n\t\t\t\t<\/div>\n\t\t","protected":false},"excerpt":{"rendered":"<p>Retail R\u00e9seau de revendeurs Nos partenaires sp\u00e9cialis\u00e9s se composent de revendeurs sp\u00e9cialis\u00e9s dans le domaine du design, de l&rsquo;\u00e9clairage et du mobilier. Ils repr\u00e9sentent FLOS dans leurs salles d&rsquo;exposition de qualit\u00e9 dans toute la Suisse et au Liechtenstein. Vous trouverez ici un aper\u00e7u actuel. EN SAVOIR PLUS Architecture Assortiment pour l&rsquo;architecture Nous vous soutenons dans [&hellip;]<\/p>\n","protected":false},"author":1,"featured_media":0,"parent":0,"menu_order":30,"comment_status":"closed","ping_status":"closed","template":"","meta":{"_acf_changed":false,"inline_featured_image":false,"footnotes":""},"class_list":["post-1009","page","type-page","status-publish","hentry"],"acf":[],"yoast_head":"<title>Domaines de comp\u00e9tence - liora design<\/title>\n<meta name=\"robots\" content=\"index, follow, max-snippet:-1, max-image-preview:large, max-video-preview:-1\" \/>\n<meta property=\"og:locale\" content=\"fr_FR\" \/>\n<meta property=\"og:type\" content=\"article\" \/>\n<meta property=\"og:title\" content=\"Domaines de comp\u00e9tence - liora design\" \/>\n<meta property=\"og:description\" content=\"Retail R\u00e9seau de revendeurs Nos partenaires sp\u00e9cialis\u00e9s se composent de revendeurs sp\u00e9cialis\u00e9s dans le domaine du design, de l&rsquo;\u00e9clairage et du mobilier. Ils repr\u00e9sentent FLOS dans leurs salles d&rsquo;exposition de qualit\u00e9 dans toute la Suisse et au Liechtenstein. Vous trouverez ici un aper\u00e7u actuel. EN SAVOIR PLUS Architecture Assortiment pour l&rsquo;architecture Nous vous soutenons dans [&hellip;]\" \/>\n<meta property=\"og:url\" content=\"https:\/\/www.liora-design.ch\/fr\/domaines-de-competence\/\" \/>\n<meta property=\"og:site_name\" content=\"liora design\" \/>\n<meta property=\"article:modified_time\" content=\"2023-08-18T07:36:30+00:00\" \/>\n<meta name=\"twitter:card\" content=\"summary_large_image\" \/>\n<meta name=\"twitter:label1\" content=\"Dur\u00e9e de lecture estim\u00e9e\" \/>\n\t<meta name=\"twitter:data1\" content=\"1 minute\" \/>\n<script type=\"application\/ld+json\" class=\"yoast-schema-graph\">{\"@context\":\"https:\/\/schema.org\",\"@graph\":[{\"@type\":\"WebPage\",\"@id\":\"https:\/\/www.liora-design.ch\/fr\/domaines-de-competence\/\",\"url\":\"https:\/\/www.liora-design.ch\/fr\/domaines-de-competence\/\",\"name\":\"Domaines de comp\u00e9tence - liora design\",\"isPartOf\":{\"@id\":\"https:\/\/www.liora-design.ch\/fr\/#website\"},\"datePublished\":\"2023-07-11T15:23:52+00:00\",\"dateModified\":\"2023-08-18T07:36:30+00:00\",\"breadcrumb\":{\"@id\":\"https:\/\/www.liora-design.ch\/fr\/domaines-de-competence\/#breadcrumb\"},\"inLanguage\":\"fr-FR\",\"potentialAction\":[{\"@type\":\"ReadAction\",\"target\":[\"https:\/\/www.liora-design.ch\/fr\/domaines-de-competence\/\"]}]},{\"@type\":\"BreadcrumbList\",\"@id\":\"https:\/\/www.liora-design.ch\/fr\/domaines-de-competence\/#breadcrumb\",\"itemListElement\":[{\"@type\":\"ListItem\",\"position\":1,\"name\":\"Startseite\",\"item\":\"https:\/\/www.liora-design.ch\/fr\/\"},{\"@type\":\"ListItem\",\"position\":2,\"name\":\"Domaines de comp\u00e9tence\"}]},{\"@type\":\"WebSite\",\"@id\":\"https:\/\/www.liora-design.ch\/fr\/#website\",\"url\":\"https:\/\/www.liora-design.ch\/fr\/\",\"name\":\"liora design\",\"description\":\"\",\"potentialAction\":[{\"@type\":\"SearchAction\",\"target\":{\"@type\":\"EntryPoint\",\"urlTemplate\":\"https:\/\/www.liora-design.ch\/fr\/?s={search_term_string}\"},\"query-input\":{\"@type\":\"PropertyValueSpecification\",\"valueRequired\":true,\"valueName\":\"search_term_string\"}}],\"inLanguage\":\"fr-FR\"}]}<\/script>","yoast_head_json":{"title":"Domaines de comp\u00e9tence - liora design","robots":{"index":"index","follow":"follow","max-snippet":"max-snippet:-1","max-image-preview":"max-image-preview:large","max-video-preview":"max-video-preview:-1"},"og_locale":"fr_FR","og_type":"article","og_title":"Domaines de comp\u00e9tence - liora design","og_description":"Retail R\u00e9seau de revendeurs Nos partenaires sp\u00e9cialis\u00e9s se composent de revendeurs sp\u00e9cialis\u00e9s dans le domaine du design, de l&rsquo;\u00e9clairage et du mobilier. Ils repr\u00e9sentent FLOS dans leurs salles d&rsquo;exposition de qualit\u00e9 dans toute la Suisse et au Liechtenstein. Vous trouverez ici un aper\u00e7u actuel. EN SAVOIR PLUS Architecture Assortiment pour l&rsquo;architecture Nous vous soutenons dans [&hellip;]","og_url":"https:\/\/www.liora-design.ch\/fr\/domaines-de-competence\/","og_site_name":"liora design","article_modified_time":"2023-08-18T07:36:30+00:00","twitter_card":"summary_large_image","twitter_misc":{"Dur\u00e9e de lecture estim\u00e9e":"1 minute"},"schema":{"@context":"https:\/\/schema.org","@graph":[{"@type":"WebPage","@id":"https:\/\/www.liora-design.ch\/fr\/domaines-de-competence\/","url":"https:\/\/www.liora-design.ch\/fr\/domaines-de-competence\/","name":"Domaines de comp\u00e9tence - liora design","isPartOf":{"@id":"https:\/\/www.liora-design.ch\/fr\/#website"},"datePublished":"2023-07-11T15:23:52+00:00","dateModified":"2023-08-18T07:36:30+00:00","breadcrumb":{"@id":"https:\/\/www.liora-design.ch\/fr\/domaines-de-competence\/#breadcrumb"},"inLanguage":"fr-FR","potentialAction":[{"@type":"ReadAction","target":["https:\/\/www.liora-design.ch\/fr\/domaines-de-competence\/"]}]},{"@type":"BreadcrumbList","@id":"https:\/\/www.liora-design.ch\/fr\/domaines-de-competence\/#breadcrumb","itemListElement":[{"@type":"ListItem","position":1,"name":"Startseite","item":"https:\/\/www.liora-design.ch\/fr\/"},{"@type":"ListItem","position":2,"name":"Domaines de comp\u00e9tence"}]},{"@type":"WebSite","@id":"https:\/\/www.liora-design.ch\/fr\/#website","url":"https:\/\/www.liora-design.ch\/fr\/","name":"liora design","description":"","potentialAction":[{"@type":"SearchAction","target":{"@type":"EntryPoint","urlTemplate":"https:\/\/www.liora-design.ch\/fr\/?s={search_term_string}"},"query-input":{"@type":"PropertyValueSpecification","valueRequired":true,"valueName":"search_term_string"}}],"inLanguage":"fr-FR"}]}},"_links":{"self":[{"href":"https:\/\/www.liora-design.ch\/fr\/wp-json\/wp\/v2\/pages\/1009","targetHints":{"allow":["GET"]}}],"collection":[{"href":"https:\/\/www.liora-design.ch\/fr\/wp-json\/wp\/v2\/pages"}],"about":[{"href":"https:\/\/www.liora-design.ch\/fr\/wp-json\/wp\/v2\/types\/page"}],"author":[{"embeddable":true,"href":"https:\/\/www.liora-design.ch\/fr\/wp-json\/wp\/v2\/users\/1"}],"replies":[{"embeddable":true,"href":"https:\/\/www.liora-design.ch\/fr\/wp-json\/wp\/v2\/comments?post=1009"}],"version-history":[{"count":18,"href":"https:\/\/www.liora-design.ch\/fr\/wp-json\/wp\/v2\/pages\/1009\/revisions"}],"predecessor-version":[{"id":1176,"href":"https:\/\/www.liora-design.ch\/fr\/wp-json\/wp\/v2\/pages\/1009\/revisions\/1176"}],"wp:attachment":[{"href":"https:\/\/www.liora-design.ch\/fr\/wp-json\/wp\/v2\/media?parent=1009"}],"curies":[{"name":"wp","href":"https:\/\/api.w.org\/{rel}","templated":true}]}}